{"id":1598,"date":"2019-02-05T07:05:06","date_gmt":"2019-02-05T07:05:06","guid":{"rendered":"https:\/\/apani.it\/azienda-agricola\/"},"modified":"2025-03-04T18:17:18","modified_gmt":"2025-03-04T17:17:18","slug":"bauernhof","status":"publish","type":"page","link":"https:\/\/apani.it\/de\/bauernhof\/","title":{"rendered":"Bauernhof"},"content":{"rendered":"[vc_row full_width=&#8221;container-null&#8221;][vc_column agro_disable_column=&#8221;yes&#8221;]<div id=\"hero\" class=\"nt-shortcode-hero jarallax section_69fca432d3fbc vc_custom_1620117901348\" data-speed=\"0.7\" data-img-position=\"50% 80%\" data-res-css=\"          \"><div class=\"container\"><div class=\"row\"><div class=\"col-12 col-lg-7 \"><h1 class=\"__title\"><span>Azienda Agricola<\/span> Apani<\/h1><p class=\"nt-hero-desc\">Die Apani Farm ist der Traum der Kindheit, der Wunsch, sich mit der Landwirtschaft zu besch\u00e4ftigen und in die Fu\u00dfstapfen zu treten Tradition, die bereits von der Familie Bello verfolgt wird.<\/p><div class=\"shortcode-page-breadcrumbs breadcrumb\"><div class=\"nt-breadcrumbs\"><ul class=\"nt-breadcrumbs-list\"><li class=\"bitem\"><span><a class=\"breadcrumbs__link\" href=\"https:\/\/apani.it\/de\/\"><span>Home<\/span><\/a><\/span><\/li><\/ul><\/div><\/div><\/div><\/div><\/div><\/div>[\/vc_column][\/vc_row][vc_row full_width=&#8221;container-null&#8221;][vc_column agro_disable_column=&#8221;yes&#8221;]<div class=\"section section--no-pb about--1 md-hide-bg item_69fca432d4785 vc_custom_1620118548101\" data-res-css=\"              \"><div class=\"container\"><div class=\"section-heading\"><h2 class=\"__title\">f\u00fcr uns ist das Land <span>eine Familienangelegenheit!<\/span><\/h2><\/div><div class=\"row\"><div class=\"col-12 col-lg-6 col-xl-8\">Azienda Apani ist ein Familienbetrieb an der Nordk\u00fcste (Contrada Apani) von Brindisi. Er wird von der Familie Bello aus San Vito dei Normanni (Brindisi) gef\u00fchrt, f\u00fcr sie ist &#8220;das Land&#8221; eine Familienangelegenheit, die seit Generationen weitergegeben wird, geboren aus der Leidenschaft des Gro\u00dfvaters Cosimo Bello und anschlie\u00dfend an seinen Sohn Vincenzo Bello weitergegeben.<\/p>\n<p>Alles begann in den fr\u00fchen Nachkriegsjahren, als der damalige Direktor der l\u00e4ndlichen Fonds (Dr. Sperone) die Aufgabe hatte, die Art der Ernten in den verschiedenen Gebieten (zu denen damals die Bezirke Apani, Belloluogo, Iannuzzo geh\u00f6rten) zu planen, um sicherzustellen, dass es keinen \u00dcberschuss an einigen Produkten und einen Mangel an anderen gab.<\/p>\n<p>Damals arbeiteten die Bauern mit Teilp\u00e4chtern zusammen und jeder von ihnen bekam das Saatgut, sie hatten Anspruch auf 50% der Ernte und der restliche Teil stand den Bauernkassen zu. Nach gewerkschaftlichen Forderungen gelang es Herrn Pauroso, einem Gewerkschafter aus San Vito dei Normanni, zu erwirken, dass die Teilp\u00e4chter 60% erhalten. Mit dem Aufkommen der Landreform, die zwischen 1951-1965 stattfand, wurde jeder Teilp\u00e4chter zum Eigent\u00fcmer und begann, seine Ernten selbst\u00e4ndig zu planen, so dass er w\u00e4hlte, was er anbauen wollte und es keine intensiven Ernten mehr gab, mit dem Ergebnis, dass die Preise aufgrund des \u00dcberschusses an bestimmten Produkten sanken. Die Bodenreform per Lotterie verschaffte den Grundbesitzern entweder die Mittel f\u00fcr den Anbau oder die Viehzucht oder den Bau des Hauses mit Wohnsitzpflicht.<\/p>\n<p>Heute ist der Apani-Bauernhof der Traum der Kindheit, der Wunsch, sich um die Landwirtschaft zu k\u00fcmmern und in die Fu\u00dfstapfen<br \/>\nbereits von der Familie aufgesp\u00fcrt.<p><a class=\"custom-btn custom-btn--medium custom-btn--style-1\" href=\"https:\/\/apani.it\/de\/shop-de\/\">kaufen Sie unsere Produkte<\/a><\/p><\/div><\/div><\/div><\/div>[\/vc_column][\/vc_row][vc_row full_width=&#8221;container-null&#8221;][vc_column agro_disable_column=&#8221;yes&#8221;]<div class=\"section counter_69fca432d47df\"><div class=\"container\"><div class=\"counter\"><div class=\"__inner\"><div class=\"row justify-content-sm-center justify-content-lg-around\"><div class=\"col-12 col-sm-8 col-md-6 col-lg-5 col-xl-3\"><div class=\"__item\" data-aos=\"zoom-in\" data-aos-delay=\"350\" data-aos-offset=\"150\"><div class=\"d-table\"><div class=\"d-table-cell align-middle\"><i class=\"__ico\"><img src=\"https:\/\/apani.it\/wp-content\/uploads\/2019\/02\/ico_count_1-1.png\" class=\"img-fluid\" alt=\"ico_count_1-1.png\"><\/i><\/div><div class=\"d-table-cell align-middle\"><p class=\"__count js-count\" data-from=\"0\" data-to=\"19500\">19500<\/p><p class=\"__title\">Erntetonnen<\/p><\/div><\/div><\/div><\/div><div class=\"col-12 col-sm-8 col-md-6 col-lg-5 col-xl-3\"><div class=\"__item\" data-aos=\"zoom-in\" data-aos-delay=\"350\" data-aos-offset=\"300\"><div class=\"d-table\"><div class=\"d-table-cell align-middle\"><i class=\"__ico\"><img src=\"https:\/\/apani.it\/wp-content\/uploads\/2021\/02\/happy_customer-ok.png\" class=\"img-fluid\" alt=\"happy_customer-ok.png\"><\/i><\/div><div class=\"d-table-cell align-middle\"><p class=\"__count js-count\" data-from=\"0\" data-to=\"2720\">2720<\/p><p class=\"__title\">Zufriedene Kunden <\/p><\/div><\/div><\/div><\/div><div class=\"col-12 col-sm-8 col-md-6 col-lg-5 col-xl-3\"><div class=\"__item\" data-aos=\"zoom-in\" data-aos-delay=\"350\" data-aos-offset=\"450\"><div class=\"d-table\"><div class=\"d-table-cell align-middle\"><i class=\"__ico\"><img src=\"https:\/\/apani.it\/wp-content\/uploads\/2019\/02\/ico_count_3-1.png\" class=\"img-fluid\" alt=\"ico_count_3-1.png\"><\/i><\/div><div class=\"d-table-cell align-middle\"><p class=\"__count js-count\" data-from=\"0\" data-to=\"30\">30<\/p><p class=\"__title\">Hektar Land <\/p><\/div><\/div><\/div><\/div><div class=\"col-12 col-sm-8 col-md-6 col-lg-5 col-xl-3\"><div class=\"__item\" data-aos=\"zoom-in\" data-aos-delay=\"350\" data-aos-offset=\"450\"><div class=\"d-table\"><div class=\"d-table-cell align-middle\"><i class=\"__ico\"><img src=\"https:\/\/apani.it\/wp-content\/uploads\/2019\/02\/ico_count_4-1.png\" class=\"img-fluid\" alt=\"ico_count_4-1.png\"><\/i><\/div><div class=\"d-table-cell align-middle\"><p class=\"__count js-count\" data-from=\"0\" data-to=\"32\">32<\/p><p class=\"__title\">Landmaschinen<\/p><\/div><\/div><\/div><\/div><\/div><\/div><\/div><\/div><\/div>[\/vc_column][\/vc_row][vc_row full_width=&#8221;container-null&#8221;][vc_column agro_disable_column=&#8221;yes&#8221;]<div class=\"section section--gutter section--base-bg section--custom-02 section_69fca432d4d00 vc_custom_1620118288825\" data-res-css=\"           \"><div class=\"container\"><div class=\"section-heading\" data-aos=\"fade\"><h2 class=\"__title\">Unsere <span>Geschichte<\/span><\/h2><\/div><div class=\"timeline\"><div class=\"__inner\"><div class=\"row\"><div class=\"col-12 col-md-3\"><div class=\"__item\"><i class=\"__ico\"><\/i><div class=\"row\"><div class=\"col-lg-11 col-xl-9\"><p class=\"__year\">1948<\/p><h5 class=\"__title\">Die Nachkriegszeit<\/h5><p>Die Bauern arbeiteten auf einer Sharecropping-Basis und jeder von ihnen erhielt das Saatgut, sie hatten Anspruch auf 50% der Ernte.<\/p><\/div><\/div><\/div><\/div><div class=\"col-12 col-md-3\"><div class=\"__item\"><i class=\"__ico\"><\/i><div class=\"row\"><div class=\"col-lg-11 col-xl-9\"><p class=\"__year\">1951<\/p><h5 class=\"__title\">Die ersten Anbauten<\/h5><p>Jeder Sharecropper wurde zum Eigent\u00fcmer und begann, seine eigenen Ernten zu planen. <\/p><\/div><\/div><\/div><\/div><div class=\"col-12 col-md-3\"><div class=\"__item\"><i class=\"__ico\"><\/i><div class=\"row\"><div class=\"col-lg-11 col-xl-9\"><p class=\"__year\">1957<\/p><h5 class=\"__title\">Landreform<\/h5><p>Die Apani-Farm wurde mit dem Aufkommen der Landreform geboren, die zwischen 1951-1965 stattfand, dank Gro\u00dfvater Cosimo Bello.<\/p><\/div><\/div><\/div><\/div><div class=\"col-12 col-md-3\"><div class=\"__item\"><i class=\"__ico\"><\/i><div class=\"row\"><div class=\"col-lg-11 col-xl-9\"><p class=\"__year\">Heute<\/p><h5 class=\"__title\">Bauernhof<\/h5><p>Heute ist der Apani-Bauernhof der Traum der Kindheit, der Wunsch, sich mit der Landwirtschaft zu besch\u00e4ftigen und in die Fu\u00dfstapfen zu treten, die die Familie bereits hinterlassen hat.<\/p><\/div><\/div><\/div><\/div><\/div><\/div><\/div><\/div><\/div>[\/vc_column][\/vc_row][vc_row full_width=&#8221;container-null&#8221;][vc_column agro_disable_column=&#8221;yes&#8221;]<div class=\"section section--no-pb section--custom-03 section_69fca432d4d2c vc_custom_1741108637218\" data-res-css=\"        \"><div class=\"container\"><div class=\"section-heading section-heading--center\" data-aos=\"fade\"><h2 class=\"__title\">Unser <span>Team<\/span><\/h2><\/div><div class=\"team\"><div class=\"__inner\"><div class=\"row\"><div class=\"col-12 col-md-6 col-lg-4\"><div class=\"__item\"><figure class=\"__image\"><img src=\"https:\/\/apani.it\/wp-content\/uploads\/2021\/02\/vincenzo-bello.jpg\" class=\"img-fluid\" alt=\"vincenzo-bello.jpg\"><\/figure><div class=\"__content\"><h5 class=\"__title\">Vincenzo Bello<\/h5><\/div><\/div><\/div><div class=\"col-12 col-md-6 col-lg-4\"><div class=\"__item\"><figure class=\"__image\"><img src=\"https:\/\/apani.it\/wp-content\/uploads\/2021\/02\/mimmo-bello.jpg\" class=\"img-fluid\" alt=\"mimmo-bello.jpg\"><\/figure><div class=\"__content\"><h5 class=\"__title\">Mimmo Bello<\/h5><\/div><\/div><\/div><div class=\"col-12 col-md-6 col-lg-4\"><div class=\"__item\"><figure class=\"__image\"><img src=\"https:\/\/apani.it\/wp-content\/uploads\/2021\/02\/mamma.jpg\" class=\"img-fluid\" alt=\"mamma.jpg\"><\/figure><div class=\"__content\"><h5 class=\"__title\">Francesca Bellanova<\/h5><\/div><\/div><\/div><\/div><\/div><\/div><\/div><\/div>[\/vc_column][\/vc_row][vc_row full_width=&#8221;container-null&#8221; disable_element=&#8221;yes&#8221;][vc_column]<div class=\"section  section_69fca432d4f84\" data-res-css=\"     \"><div class=\"container\"><div class=\"section-heading section-heading--center\" data-aos=\"fade\"><h2 class=\"__title\">PARTNERS <span><\/span><\/h2><p>Latin words, combined with a handful of model sentence structures, to generate Lorem Ipsum which looks reasonable.<\/p><\/div><div class=\"partners-list\"><div class=\"js-slick\" data-slick='{\"slidesToShow\": 5,\"autoplay\": false,\"arrows\": false,\"dots\": false,\"pauseOnHover\": false,\"speed\": 1000,\"responsive\": [{\"breakpoint\":576,\"settings\":{\"slidesToShow\": 1}},{\"breakpoint\":767,\"settings\":{\"slidesToShow\": 3}},{\"breakpoint\":991,\"settings\":{\"slidesToShow\": 4}},{\"breakpoint\":1199,\"settings\":{\"autoplay\": false,\"dots\": false,\"slidesToShow\": 5}}]}'><div class=\"__item\"><img src=\"https:\/\/apani.it\/wp-content\/uploads\/2019\/02\/1-2.jpg\" class=\"img-fluid m-auto\" alt=\"1-2.jpg\"><\/div><div class=\"__item\"><img src=\"https:\/\/apani.it\/wp-content\/uploads\/2019\/02\/2-2.jpg\" class=\"img-fluid m-auto\" alt=\"2-2.jpg\"><\/div><div class=\"__item\"><img src=\"https:\/\/apani.it\/wp-content\/uploads\/2019\/02\/3-2.jpg\" class=\"img-fluid m-auto\" alt=\"3-2.jpg\"><\/div><div class=\"__item\"><img src=\"https:\/\/apani.it\/wp-content\/uploads\/2019\/02\/4-2.jpg\" class=\"img-fluid m-auto\" alt=\"4-2.jpg\"><\/div><div class=\"__item\"><img src=\"https:\/\/apani.it\/wp-content\/uploads\/2019\/02\/5-2.jpg\" class=\"img-fluid m-auto\" alt=\"5-2.jpg\"><\/div><\/div><\/div><\/div><\/div>[\/vc_column][\/vc_row][vc_row full_width=&#8221;container-stretch&#8221; agro_row_prepad=&#8221;ptb-140&#8243; disable_element=&#8221;yes&#8221; css=&#8221;.vc_custom_1613488131693{padding-bottom: 124px !important;}&#8221; agro_md_css=&#8221;.vc_custom_1613488131697{padding-bottom: 84px !important;}&#8221; el_class=&#8221;section section&#8211;dark-bg&#8221; agro_sm_css=&#8221;.vc_custom_1613488131698{padding-bottom: 54px !important;}&#8221;][vc_column el_class=&#8221;section-heading&#8211;white&#8221;]<div class=\"section-heading section-heading--center item_69fca432d5436\" data-res-css=\"     \" data-aos=\"fade\"><h2 class=\"__title\">GET <span>IN TOUCH<\/span><\/h2><p>Latin words, combined with a handful of model sentence structures, to generate Lorem Ipsum which looks reasonable.<\/p><\/div><div role=\"form\" class=\"wpcf7\" id=\"wpcf7-f12-o1\" lang=\"en-US\" dir=\"ltr\">\n<div class=\"screen-reader-response\"><p role=\"status\" aria-live=\"polite\" aria-atomic=\"true\"><\/p> <ul><\/ul><\/div>\n<form action=\"\/de\/wp-json\/wp\/v2\/pages\/1598#wpcf7-f12-o1\" method=\"post\" class=\"wpcf7-form init\" novalidate=\"novalidate\" data-status=\"init\">\n<div style=\"display: none;\">\n<input type=\"hidden\" name=\"_wpcf7\" value=\"12\" \/>\n<input type=\"hidden\" name=\"_wpcf7_version\" value=\"5.3.2\" \/>\n<input type=\"hidden\" name=\"_wpcf7_locale\" value=\"en_US\" \/>\n<input type=\"hidden\" name=\"_wpcf7_unit_tag\" value=\"wpcf7-f12-o1\" \/>\n<input type=\"hidden\" name=\"_wpcf7_container_post\" value=\"0\" \/>\n<input type=\"hidden\" name=\"_wpcf7_posted_data_hash\" value=\"\" \/>\n<\/div>\n<div class=\"contact-form js-contact-form\" data-aos=\"fade\">\n<div class=\"row\">\n<div class=\"col-12 col-md-6\">\n<div class=\"input-wrp\">\n<span class=\"wpcf7-form-control-wrap text-788\"><input type=\"text\" name=\"text-788\" value=\"\" size=\"40\" class=\"wpcf7-form-control wpcf7-text wpcf7-validates-as-required textfield\" aria-required=\"true\" aria-invalid=\"false\" placeholder=\"Nome\" \/><\/span>\n<\/div>\n<\/div>\n<div class=\"col-12 col-md-6\">\n<div class=\"input-wrp\">\n<span class=\"wpcf7-form-control-wrap text-787\"><input type=\"text\" name=\"text-787\" value=\"\" size=\"40\" class=\"wpcf7-form-control wpcf7-text wpcf7-validates-as-required textfield\" aria-required=\"true\" aria-invalid=\"false\" placeholder=\"E-mail\" \/><\/span>\n<\/div>\n<\/div>\n<\/div>\n<div class=\"input-wrp\">\n<span class=\"wpcf7-form-control-wrap textarea-212\"><textarea name=\"textarea-212\" cols=\"10\" rows=\"2\" class=\"wpcf7-form-control wpcf7-textarea wpcf7-validates-as-required textfield\" aria-required=\"true\" aria-invalid=\"false\" placeholder=\"Messaggio\"><\/textarea><\/span>\n<\/div>\n<div class=\"anr_captcha_field\"><div id=\"anr_captcha_field_1\" class=\"anr_captcha_field_div\"><input type=\"hidden\" name=\"g-recaptcha-response\" value=\"\" \/><\/div><\/div><span class=\"wpcf7-form-control-wrap g-recaptcha-response\"><\/span><br \/>\n<input type=\"submit\" value=\"Invia\" class=\"wpcf7-form-control wpcf7-submit custom-btn custom-btn--medium custom-btn--style-3 wide\" \/>\n<\/p><\/div>\n<div class=\"wpcf7-response-output\" aria-hidden=\"true\"><\/div><\/form><\/div>[\/vc_column][\/vc_row][vc_row full_width=&#8221;stretch_row_content_no_spaces&#8221; disable_element=&#8221;yes&#8221;][vc_column]<div class=\"section section--no-pt section--no-pb\" style=\"min-height: 255px\"><div class=\"g_map\" data-zoom=\"15\" data-api-key=\"AIzaSyBXQROV5YMCERGIIuwxrmaZbBl_Wm4Dy5U\" data-longitude=\"44.958309\" data-latitude=\"34.109925\" data-marker=\"https:\/\/apani.it\/wp-content\/uploads\/2019\/02\/marker.png\" style=\"min-height: 255px\"><\/div><\/div>[\/vc_column][\/vc_row]\n","protected":false},"excerpt":{"rendered":"<p>[vc_row full_width=&#8221;container-null&#8221;][vc_column agro_disable_column=&#8221;yes&#8221;][\/vc_column][\/vc_row][vc_row full_width=&#8221;container-null&#8221;][vc_column agro_disable_column=&#8221;yes&#8221;][\/vc_column][\/vc_row][vc_row full_width=&#8221;container-null&#8221;][vc_column agro_disable_column=&#8221;yes&#8221;][\/vc_column][\/vc_row][vc_row full_width=&#8221;container-null&#8221;][vc_column agro_disable_column=&#8221;yes&#8221;][\/vc_column][\/vc_row][vc_row full_width=&#8221;container-null&#8221;][vc_column agro_disable_column=&#8221;yes&#8221;][\/vc_column][\/vc_row][vc_row full_width=&#8221;container-null&#8221; disable_element=&#8221;yes&#8221;][vc_column][\/vc_column][\/vc_row][vc_row full_width=&#8221;container-stretch&#8221; agro_row_prepad=&#8221;ptb-140&#8243; disable_element=&#8221;yes&#8221; css=&#8221;.vc_custom_1613488131693{padding-bottom: 124px !important;}&#8221; agro_md_css=&#8221;.vc_custom_1613488131697{padding-bottom: 84px !important;}&#8221; el_class=&#8221;section section&#8211;dark-bg&#8221; agro_sm_css=&#8221;.vc_custom_1613488131698{padding-bottom: 54px !important;}&#8221;][vc_column el_class=&#8221;section-heading&#8211;white&#8221;][\/vc_column][\/vc_row][vc_row full_width=&#8221;stretch_row_content_no_spaces&#8221; disable_element=&#8221;yes&#8221;][vc_column][\/vc_column][\/vc_row]<\/p>\n","protected":false},"author":1,"featured_media":0,"parent":0,"menu_order":0,"comment_status":"closed","ping_status":"closed","template":"custom-page.php","meta":[],"yoast_head":"<!-- This site is optimized with the Yoast SEO plugin v15.9 - https:\/\/yoast.com\/wordpress\/plugins\/seo\/ -->\n<title>Bauernhof - Azienda Agricola Apani<\/title>\n<meta name=\"robots\" content=\"index, follow, max-snippet:-1, max-image-preview:large, max-video-preview:-1\" \/>\n<link rel=\"canonical\" href=\"https:\/\/apani.it\/de\/bauernhof\/\" \/>\n<meta property=\"og:locale\" content=\"de_DE\" \/>\n<meta property=\"og:type\" content=\"article\" \/>\n<meta property=\"og:title\" content=\"Bauernhof - Azienda Agricola Apani\" \/>\n<meta property=\"og:description\" content=\"[vc_row full_width=&#8221;container-null&#8221;][vc_column agro_disable_column=&#8221;yes&#8221;][\/vc_column][\/vc_row][vc_row full_width=&#8221;container-null&#8221;][vc_column agro_disable_column=&#8221;yes&#8221;][\/vc_column][\/vc_row][vc_row full_width=&#8221;container-null&#8221;][vc_column agro_disable_column=&#8221;yes&#8221;][\/vc_column][\/vc_row][vc_row full_width=&#8221;container-null&#8221;][vc_column agro_disable_column=&#8221;yes&#8221;][\/vc_column][\/vc_row][vc_row full_width=&#8221;container-null&#8221;][vc_column agro_disable_column=&#8221;yes&#8221;][\/vc_column][\/vc_row][vc_row full_width=&#8221;container-null&#8221; disable_element=&#8221;yes&#8221;][vc_column][\/vc_column][\/vc_row][vc_row full_width=&#8221;container-stretch&#8221; agro_row_prepad=&#8221;ptb-140&#8243; disable_element=&#8221;yes&#8221; css=&#8221;.vc_custom_1613488131693{padding-bottom: 124px !important;}&#8221; agro_md_css=&#8221;.vc_custom_1613488131697{padding-bottom: 84px !important;}&#8221; el_class=&#8221;section section&#8211;dark-bg&#8221; agro_sm_css=&#8221;.vc_custom_1613488131698{padding-bottom: 54px !important;}&#8221;][vc_column el_class=&#8221;section-heading&#8211;white&#8221;][\/vc_column][\/vc_row][vc_row full_width=&#8221;stretch_row_content_no_spaces&#8221; disable_element=&#8221;yes&#8221;][vc_column][\/vc_column][\/vc_row]\" \/>\n<meta property=\"og:url\" content=\"https:\/\/apani.it\/de\/bauernhof\/\" \/>\n<meta property=\"og:site_name\" content=\"Azienda Agricola Apani\" \/>\n<meta property=\"article:modified_time\" content=\"2025-03-04T17:17:18+00:00\" \/>\n<meta name=\"twitter:card\" content=\"summary_large_image\" \/>\n<meta name=\"twitter:label1\" content=\"Gesch\u00e4tzte Lesezeit\">\n\t<meta name=\"twitter:data1\" content=\"2\u00a0Minuten\">\n<script type=\"application\/ld+json\" class=\"yoast-schema-graph\">{\"@context\":\"https:\/\/schema.org\",\"@graph\":[{\"@type\":\"WebSite\",\"@id\":\"https:\/\/apani.it\/#website\",\"url\":\"https:\/\/apani.it\/\",\"name\":\"Azienda Agricola Apani\",\"description\":\"\",\"potentialAction\":[{\"@type\":\"SearchAction\",\"target\":\"https:\/\/apani.it\/?s={search_term_string}\",\"query-input\":\"required name=search_term_string\"}],\"inLanguage\":\"de\"},{\"@type\":\"WebPage\",\"@id\":\"https:\/\/apani.it\/de\/bauernhof\/#webpage\",\"url\":\"https:\/\/apani.it\/de\/bauernhof\/\",\"name\":\"Bauernhof - Azienda Agricola Apani\",\"isPartOf\":{\"@id\":\"https:\/\/apani.it\/#website\"},\"datePublished\":\"2019-02-05T07:05:06+00:00\",\"dateModified\":\"2025-03-04T17:17:18+00:00\",\"breadcrumb\":{\"@id\":\"https:\/\/apani.it\/de\/bauernhof\/#breadcrumb\"},\"inLanguage\":\"de\",\"potentialAction\":[{\"@type\":\"ReadAction\",\"target\":[\"https:\/\/apani.it\/de\/bauernhof\/\"]}]},{\"@type\":\"BreadcrumbList\",\"@id\":\"https:\/\/apani.it\/de\/bauernhof\/#breadcrumb\",\"itemListElement\":[{\"@type\":\"ListItem\",\"position\":1,\"item\":{\"@type\":\"WebPage\",\"@id\":\"https:\/\/apani.it\/de\/\",\"url\":\"https:\/\/apani.it\/de\/\",\"name\":\"Home\"}},{\"@type\":\"ListItem\",\"position\":2,\"item\":{\"@type\":\"WebPage\",\"@id\":\"https:\/\/apani.it\/de\/bauernhof\/\",\"url\":\"https:\/\/apani.it\/de\/bauernhof\/\",\"name\":\"Bauernhof\"}}]}]}<\/script>\n<!-- \/ Yoast SEO plugin. -->","_links":{"self":[{"href":"https:\/\/apani.it\/de\/wp-json\/wp\/v2\/pages\/1598"}],"collection":[{"href":"https:\/\/apani.it\/de\/wp-json\/wp\/v2\/pages"}],"about":[{"href":"https:\/\/apani.it\/de\/wp-json\/wp\/v2\/types\/page"}],"author":[{"embeddable":true,"href":"https:\/\/apani.it\/de\/wp-json\/wp\/v2\/users\/1"}],"replies":[{"embeddable":true,"href":"https:\/\/apani.it\/de\/wp-json\/wp\/v2\/comments?post=1598"}],"version-history":[{"count":8,"href":"https:\/\/apani.it\/de\/wp-json\/wp\/v2\/pages\/1598\/revisions"}],"predecessor-version":[{"id":1792,"href":"https:\/\/apani.it\/de\/wp-json\/wp\/v2\/pages\/1598\/revisions\/1792"}],"wp:attachment":[{"href":"https:\/\/apani.it\/de\/wp-json\/wp\/v2\/media?parent=1598"}],"curies":[{"name":"wp","href":"https:\/\/api.w.org\/{rel}","templated":true}]}}