{"id":1606,"date":"2019-02-05T09:56:02","date_gmt":"2019-02-05T09:56:02","guid":{"rendered":"https:\/\/apani.it\/cosa-coltiviamo\/"},"modified":"2021-05-04T10:10:40","modified_gmt":"2021-05-04T09:10:40","slug":"was-wir-anbauen","status":"publish","type":"page","link":"https:\/\/apani.it\/de\/was-wir-anbauen\/","title":{"rendered":"Was wir anbauen"},"content":{"rendered":"[vc_row full_width=&#8221;container-null&#8221;][vc_column agro_disable_column=&#8221;yes&#8221;]<div id=\"hero\" class=\"nt-shortcode-hero jarallax section_69fca41528b2b vc_custom_1620118980696\" data-speed=\"0.7\" data-img-position=\"50% 80%\" data-res-css=\"          \"><div class=\"container\"><div class=\"row\"><div class=\"col-12 col-lg-7 \"><h1 class=\"__title\"><span>UNSERE<\/span> ANBAUFL\u00c4CHEN<\/h1><p class=\"nt-hero-desc\">die Produkte, die aus dem t\u00e4glichen Engagement der Familie Bello entstehen, sind das Ergebnis des Wissens um die Tradition, kombiniert mit modernem technischen Wissen.<\/p><div class=\"shortcode-page-breadcrumbs breadcrumb\"><div class=\"nt-breadcrumbs\"><ul class=\"nt-breadcrumbs-list\"><li class=\"bitem\"><span><a class=\"breadcrumbs__link\" href=\"https:\/\/apani.it\/de\/\"><span>Home<\/span><\/a><\/span><\/li><\/ul><\/div><\/div><\/div><\/div><\/div><\/div>[\/vc_column][\/vc_row][vc_row full_width=&#8221;container-null&#8221;][vc_column agro_disable_column=&#8221;yes&#8221;]<div class=\"section section_69fca41529012\" data-res-css=\"       \"><div class=\"container\"><div class=\"section-heading section-heading--center\"><h2 class=\"__title\">Unsere eigene <span>Produktion<\/span><\/h2><p>Alle unsere Produkte stammen aus eigener Produktion, werden also auf unserem Land und von unserer Familie angebaut.<\/p><\/div><div class=\"feature feature--style-2\"><div class=\"__inner\"><div class=\"row\"><div class=\"col-12 col-md-6 col-lg-4\"><div class=\"__item\"><i class=\"__ico\"><img src=\"https:\/\/apani.it\/wp-content\/uploads\/2021\/02\/farina_ico.png\" class=\"img-fluid\" alt=\"farina_ico.png\"><\/i><h5 class=\"__title\">Mehl<\/h5><\/div><\/div><div class=\"col-12 col-md-6 col-lg-4\"><div class=\"__item\"><i class=\"__ico\"><img src=\"https:\/\/apani.it\/wp-content\/uploads\/2021\/02\/legumi_ico.png\" class=\"img-fluid\" alt=\"legumi_ico.png\"><\/i><h5 class=\"__title\">H\u00fclsenfr\u00fcchte<\/h5><\/div><\/div><div class=\"col-12 col-md-6 col-lg-4\"><div class=\"__item\"><i class=\"__ico\"><img src=\"https:\/\/apani.it\/wp-content\/uploads\/2021\/02\/olio_extra_ico.png\" class=\"img-fluid\" alt=\"olio_extra_ico.png\"><\/i><h5 class=\"__title\">Oliven\u00f6l<\/h5><\/div><\/div><div class=\"col-12 col-md-6 col-lg-4\"><div class=\"__item\"><i class=\"__ico\"><img src=\"https:\/\/apani.it\/wp-content\/uploads\/2021\/02\/ortaggi_barattolo_ico.png\" class=\"img-fluid\" alt=\"ortaggi_barattolo_ico.png\"><\/i><h5 class=\"__title\">Gem\u00fcse in T\u00f6pfen<\/h5><\/div><\/div><div class=\"col-12 col-md-6 col-lg-4\"><div class=\"__item\"><i class=\"__ico\"><img src=\"https:\/\/apani.it\/wp-content\/uploads\/2021\/02\/ortaggi_freschi_ico.png\" class=\"img-fluid\" alt=\"ortaggi_freschi_ico.png\"><\/i><h5 class=\"__title\">frisches Gem\u00fcse<\/h5><\/div><\/div><div class=\"col-12 col-md-6 col-lg-4\"><div class=\"__item\"><i class=\"__ico\"><img src=\"https:\/\/apani.it\/wp-content\/uploads\/2021\/02\/Pasta_ico-07.png\" class=\"img-fluid\" alt=\"Pasta_ico-07.png\"><\/i><h5 class=\"__title\">Nudeln<\/h5><\/div><\/div><\/div><\/div><\/div><\/div><\/div>[\/vc_column][\/vc_row][vc_row full_width=&#8221;container-null&#8221;][vc_column agro_disable_column=&#8221;yes&#8221;]<div class=\"section section--gutter section--base-bg counter_69fca4152976a\" data-res-css=\"        \">\n                <div class=\"container\">\n                    <div class=\"counter\">\n                        <div class=\"__inner\">\n                            <div class=\"row justify-content-sm-center\"><div class=\"col-12 col-sm-8 col-md-6 col-lg-5 col-xl-3\"><div class=\"__item\" data-aos=\"\" data-aos-delay=\"\" data-aos-offset=\"\"><div class=\"d-table\"><div class=\"d-table-cell align-middle\"><i class=\"__ico\"><img src=\"https:\/\/apani.it\/wp-content\/uploads\/2019\/02\/ico_count_1.png\" class=\"img-fluid\" alt=\"ico_count_1.png\"><\/i><\/div><div class=\"d-table-cell align-middle\"><p class=\"__count js-count\" data-from=\"0\" data-to=\"19500\">19500<\/p><p class=\"__title\">Erntetonnen <\/p><\/div><\/div><\/div><\/div><div class=\"col-12 col-sm-8 col-md-6 col-lg-5 col-xl-3\"><div class=\"__item\" data-aos=\"\" data-aos-delay=\"\" data-aos-offset=\"\"><div class=\"d-table\"><div class=\"d-table-cell align-middle\"><i class=\"__ico\"><img src=\"https:\/\/apani.it\/wp-content\/uploads\/2019\/02\/ico_count_2.png\" class=\"img-fluid\" alt=\"ico_count_2.png\"><\/i><\/div><div class=\"d-table-cell align-middle\"><p class=\"__count js-count\" data-from=\"0\" data-to=\"2720\">2720<\/p><p class=\"__title\">Zufriedene Kunden<\/p><\/div><\/div><\/div><\/div><div class=\"col-12 col-sm-8 col-md-6 col-lg-5 col-xl-3\"><div class=\"__item\" data-aos=\"\" data-aos-delay=\"\" data-aos-offset=\"\"><div class=\"d-table\"><div class=\"d-table-cell align-middle\"><i class=\"__ico\"><img src=\"https:\/\/apani.it\/wp-content\/uploads\/2019\/02\/ico_count_3.png\" class=\"img-fluid\" alt=\"ico_count_3.png\"><\/i><\/div><div class=\"d-table-cell align-middle\"><p class=\"__count js-count\" data-from=\"0\" data-to=\"30\">30<\/p><p class=\"__title\">Hektar Land <\/p><\/div><\/div><\/div><\/div><div class=\"col-12 col-sm-8 col-md-6 col-lg-5 col-xl-3\"><div class=\"__item\" data-aos=\"\" data-aos-delay=\"\" data-aos-offset=\"\"><div class=\"d-table\"><div class=\"d-table-cell align-middle\"><i class=\"__ico\"><img src=\"https:\/\/apani.it\/wp-content\/uploads\/2019\/02\/ico_count_4.png\" class=\"img-fluid\" alt=\"ico_count_4.png\"><\/i><\/div><div class=\"d-table-cell align-middle\"><p class=\"__count js-count\" data-from=\"0\" data-to=\"32\">32<\/p><p class=\"__title\">Landmaschinen<\/p><\/div><\/div><\/div><\/div><\/div>\n                    <\/div>\n                <\/div>\n            <\/div>\n        <\/div>[\/vc_column][\/vc_row][vc_row full_width=&#8221;container-null&#8221;][vc_column agro_disable_column=&#8221;yes&#8221;]<div class=\"section item_69fca41529c99\" data-res-css=\"             \"><div class=\"container\"><div class=\"row\"><div class=\"col-12 col-lg-6\"><h2 class=\"info-heading\">Apani <span>das Gebiet<\/span><\/h2>Der Bauernhof Apani erstreckt sich \u00fcber ca. 30 Hektar, aufgeteilt in verschiedene Grundst\u00fccke innerhalb der Contrada Apani an der Nordk\u00fcste von Brindisi.<\/p>\n<p>Der Boden ist ein grundlegender Faktor, da er eine Reserve von Wasser und Mineralsalzen darstellt, die f\u00fcr das Leben der Pflanzen notwendig sind. Tats\u00e4chlich sind die B\u00f6den der Contrada Apani fruchtbare landwirtschaftliche B\u00f6den mit einer ganz besonderen Zusammensetzung, die sich hervorragend f\u00fcr die Produktion verschiedener Kulturen eignet, auch dank der N\u00e4he der Adria und der besonderen klimatischen Bedingungen des Nordsalentos.<\/p>\n<p>Wir k\u00f6nnen also mit Sicherheit sagen, dass unser Gebiet f\u00fcr alle Pflanzenarten, die wir t\u00e4glich kultivieren, von entscheidender Bedeutung ist.<p><a class=\"custom-btn custom-btn--medium custom-btn--style-1\" href=\"https:\/\/apani.it\/de\/shop-de\/\">kaufen Sie unsere Produkte<\/a><\/p><\/div><div class=\"col-12 my-3 d-lg-none\"><\/div><div class=\"col-12 col-lg-6\"><img src=\"https:\/\/apani.it\/wp-content\/uploads\/2021\/02\/territorio-1.jpg\" class=\"img-fluid\" alt=\"territorio-1.jpg\"><\/div><\/div><\/div><\/div>[\/vc_column][\/vc_row][vc_row full_width=&#8221;container-null&#8221;][vc_column agro_disable_column=&#8221;yes&#8221;]<div class=\"section section--no-pb jarallax item_69fca41529da7\" data-speed=\"0.4\" data-img-position=\"50% 65%\" data-res-css=\"        \"><img src=\"https:\/\/apani.it\/wp-content\/uploads\/2021\/02\/back-territorio.jpg\" class=\"jarallax-img\" alt=\"back-territorio.jpg\"><div class=\"container\"><div class=\"section-heading section-heading--center section-heading--white\" data-aos=\"fade\"><h2 class=\"__title\">Liebe und <span>Leidenschaft<\/span><\/h2><p class=\"text-white\">unsere Produkte sind mit gro\u00dfer Leidenschaft und unendlicher Liebe zu dieser Arbeit gew\u00fcrzt!<\/p><\/div><div class=\"simple-text-block simple-text-block--no-pb\"><div class=\"row justify-content-md-center\"><div class=\"col-12 col-md-11\"><div class=\"row justify-content-lg-between no-gutters\"><div class=\"col-12 col-lg-5\"><img src=\"https:\/\/apani.it\/wp-content\/uploads\/2021\/02\/territorio-2.jpg\" class=\"img-fluid\" alt=\"territorio-2.jpg\"><\/div><div class=\"col-12 my-3 d-lg-none\"><\/div><div class=\"col-12 col-lg-6\"><div class=\"js-slick\" data-slick='{\"autoplay\": false, \"arrows\": false, \"dots\": false, \"pauseOnHover\": false, \"speed\": 1000}'><div class=\"__item\"><h3>hohe Qualit\u00e4t <span>und Produkte<\/span><\/h3><p>Die Produkte, die aus dem t\u00e4glichen Engagement der Familie Bello entstehen, sind das Ergebnis des Wissens um die Tradition, kombiniert mit modernem technischem Wissen.<\/p>\n<p>Aber nicht nur das. Es sind Produkte, die von der gro\u00dfen Leidenschaft und unendlichen Liebe f\u00fcr diesen Beruf gew\u00fcrzt sind. Deshalb hat sich die Familie Bello entschieden, qualitativ hochwertige Produkte zu produzieren wie: Bohnen, Kichererbsen, Linsen, extra natives Oliven\u00f6l, Getreide und eine gro\u00dfe Auswahl an saisonalem Gem\u00fcse und Obst: Artischocken, R\u00fcben, Fenchel, Chicor\u00e9e, Blumenkohl, Brokkoli, Fava-Bohnen, Zucchini, Auberginen, Tomaten, gelbe Melonen.<\/p>\n<p>Heute wie gestern verbinden wir die lange Familientradition mit dem Wunsch nach Innovation und produzieren Nudeln: Orecchiette, Orecchiette maritate, Maccheroncini und Mehlarten: Weichweizenmehl Typ 1, Hartweizen-Vollkorngrie\u00df, Hartweizengrie\u00df Senatore Cappelli, Kichererbsenmehl, Linsenmehl.<\/p>\n<p>Unser Ziel ist es, eine nachhaltige Landwirtschaft zu betreiben, die die zerbrechliche und empfindliche Beziehung zwischen Mensch und Natur ausbalanciert und st\u00e4rkt und qualitativ hochwertige Produkte erzeugt.<\/p>\n<\/div><\/div><\/div><\/div><\/div><\/div><\/div><\/div><\/div>[\/vc_column][\/vc_row][vc_row full_width=&#8221;container-null&#8221; disable_element=&#8221;yes&#8221;][vc_column agro_disable_column=&#8221;yes&#8221;]<div class=\"section  section_69fca41529fb6\" data-res-css=\"     \"><div class=\"container\"><div class=\"partners-list\"><div class=\"js-slick\" data-slick='{\"slidesToShow\": 5,\"autoplay\": false,\"arrows\": false,\"dots\": false,\"pauseOnHover\": false,\"speed\": 1000,\"responsive\": [{\"breakpoint\":576,\"settings\":{\"slidesToShow\": 1}},{\"breakpoint\":767,\"settings\":{\"slidesToShow\": 3}},{\"breakpoint\":991,\"settings\":{\"slidesToShow\": 4}},{\"breakpoint\":1199,\"settings\":{\"autoplay\": false,\"dots\": false,\"slidesToShow\": 5}}]}'><div class=\"__item\"><img src=\"https:\/\/apani.it\/wp-content\/uploads\/2019\/02\/1-2.jpg\" class=\"img-fluid m-auto\" alt=\"1-2.jpg\"><\/div><div class=\"__item\"><img src=\"https:\/\/apani.it\/wp-content\/uploads\/2019\/02\/2-2.jpg\" class=\"img-fluid m-auto\" alt=\"2-2.jpg\"><\/div><div class=\"__item\"><img src=\"https:\/\/apani.it\/wp-content\/uploads\/2019\/02\/3-2.jpg\" class=\"img-fluid m-auto\" alt=\"3-2.jpg\"><\/div><div class=\"__item\"><img src=\"https:\/\/apani.it\/wp-content\/uploads\/2019\/02\/4-2.jpg\" class=\"img-fluid m-auto\" alt=\"4-2.jpg\"><\/div><div class=\"__item\"><img src=\"https:\/\/apani.it\/wp-content\/uploads\/2019\/02\/5-2.jpg\" class=\"img-fluid m-auto\" alt=\"5-2.jpg\"><\/div><\/div><\/div><\/div><\/div>[\/vc_column][\/vc_row][vc_row full_width=&#8221;container-stretch&#8221; disable_element=&#8221;yes&#8221; css=&#8221;.vc_custom_1613487823575{padding-bottom: 124px !important;}&#8221; agro_md_css=&#8221;.vc_custom_1613487823580{padding-bottom: 84px !important;}&#8221; el_class=&#8221;section section&#8211;dark-bg&#8221; agro_sm_css=&#8221;.vc_custom_1613487823581{padding-bottom: 54px !important;}&#8221;][vc_column el_class=&#8221;section-heading&#8211;white&#8221;]<div class=\"section-heading section-heading--center item_69fca4152a4e0\" data-res-css=\"     \" data-aos=\"fade\"><h2 class=\"__title\">GET <span>IN TOUCH<\/span><\/h2><p>Latin words, combined with a handful of model sentence structures, to generate Lorem Ipsum which looks reasonable.<\/p><\/div><div role=\"form\" class=\"wpcf7\" id=\"wpcf7-f12-o1\" lang=\"en-US\" dir=\"ltr\">\n<div class=\"screen-reader-response\"><p role=\"status\" aria-live=\"polite\" aria-atomic=\"true\"><\/p> <ul><\/ul><\/div>\n<form action=\"\/de\/wp-json\/wp\/v2\/pages\/1606#wpcf7-f12-o1\" method=\"post\" class=\"wpcf7-form init\" novalidate=\"novalidate\" data-status=\"init\">\n<div style=\"display: none;\">\n<input type=\"hidden\" name=\"_wpcf7\" value=\"12\" \/>\n<input type=\"hidden\" name=\"_wpcf7_version\" value=\"5.3.2\" \/>\n<input type=\"hidden\" name=\"_wpcf7_locale\" value=\"en_US\" \/>\n<input type=\"hidden\" name=\"_wpcf7_unit_tag\" value=\"wpcf7-f12-o1\" \/>\n<input type=\"hidden\" name=\"_wpcf7_container_post\" value=\"0\" \/>\n<input type=\"hidden\" name=\"_wpcf7_posted_data_hash\" value=\"\" \/>\n<\/div>\n<div class=\"contact-form js-contact-form\" data-aos=\"fade\">\n<div class=\"row\">\n<div class=\"col-12 col-md-6\">\n<div class=\"input-wrp\">\n<span class=\"wpcf7-form-control-wrap text-788\"><input type=\"text\" name=\"text-788\" value=\"\" size=\"40\" class=\"wpcf7-form-control wpcf7-text wpcf7-validates-as-required textfield\" aria-required=\"true\" aria-invalid=\"false\" placeholder=\"Nome\" \/><\/span>\n<\/div>\n<\/div>\n<div class=\"col-12 col-md-6\">\n<div class=\"input-wrp\">\n<span class=\"wpcf7-form-control-wrap text-787\"><input type=\"text\" name=\"text-787\" value=\"\" size=\"40\" class=\"wpcf7-form-control wpcf7-text wpcf7-validates-as-required textfield\" aria-required=\"true\" aria-invalid=\"false\" placeholder=\"E-mail\" \/><\/span>\n<\/div>\n<\/div>\n<\/div>\n<div class=\"input-wrp\">\n<span class=\"wpcf7-form-control-wrap textarea-212\"><textarea name=\"textarea-212\" cols=\"10\" rows=\"2\" class=\"wpcf7-form-control wpcf7-textarea wpcf7-validates-as-required textfield\" aria-required=\"true\" aria-invalid=\"false\" placeholder=\"Messaggio\"><\/textarea><\/span>\n<\/div>\n<div class=\"anr_captcha_field\"><div id=\"anr_captcha_field_1\" class=\"anr_captcha_field_div\"><input type=\"hidden\" name=\"g-recaptcha-response\" value=\"\" \/><\/div><\/div><span class=\"wpcf7-form-control-wrap g-recaptcha-response\"><\/span><br \/>\n<input type=\"submit\" value=\"Invia\" class=\"wpcf7-form-control wpcf7-submit custom-btn custom-btn--medium custom-btn--style-3 wide\" \/>\n<\/p><\/div>\n<div class=\"wpcf7-response-output\" aria-hidden=\"true\"><\/div><\/form><\/div>[\/vc_column][\/vc_row][vc_row full_width=&#8221;stretch_row_content_no_spaces&#8221; disable_element=&#8221;yes&#8221;][vc_column]<div class=\"section section--no-pt section--no-pb\" style=\"min-height: 255px\"><div class=\"g_map\" data-zoom=\"15\" data-api-key=\"AIzaSyBXQROV5YMCERGIIuwxrmaZbBl_Wm4Dy5U\" data-longitude=\"44.958309\" data-latitude=\"34.109925\" data-marker=\"https:\/\/apani.it\/wp-content\/uploads\/2019\/02\/marker.png\" style=\"min-height: 255px\"><\/div><\/div>[\/vc_column][\/vc_row]\n","protected":false},"excerpt":{"rendered":"<p>[vc_row full_width=&#8221;container-null&#8221;][vc_column agro_disable_column=&#8221;yes&#8221;][\/vc_column][\/vc_row][vc_row full_width=&#8221;container-null&#8221;][vc_column agro_disable_column=&#8221;yes&#8221;][\/vc_column][\/vc_row][vc_row full_width=&#8221;container-null&#8221;][vc_column agro_disable_column=&#8221;yes&#8221;][\/vc_column][\/vc_row][vc_row full_width=&#8221;container-null&#8221;][vc_column agro_disable_column=&#8221;yes&#8221;][\/vc_column][\/vc_row][vc_row full_width=&#8221;container-null&#8221;][vc_column agro_disable_column=&#8221;yes&#8221;][\/vc_column][\/vc_row][vc_row full_width=&#8221;container-null&#8221; disable_element=&#8221;yes&#8221;][vc_column agro_disable_column=&#8221;yes&#8221;][\/vc_column][\/vc_row][vc_row full_width=&#8221;container-stretch&#8221; disable_element=&#8221;yes&#8221; css=&#8221;.vc_custom_1613487823575{padding-bottom: 124px !important;}&#8221; agro_md_css=&#8221;.vc_custom_1613487823580{padding-bottom: 84px !important;}&#8221; el_class=&#8221;section section&#8211;dark-bg&#8221; agro_sm_css=&#8221;.vc_custom_1613487823581{padding-bottom: 54px !important;}&#8221;][vc_column el_class=&#8221;section-heading&#8211;white&#8221;][\/vc_column][\/vc_row][vc_row full_width=&#8221;stretch_row_content_no_spaces&#8221; disable_element=&#8221;yes&#8221;][vc_column][\/vc_column][\/vc_row]<\/p>\n","protected":false},"author":1,"featured_media":0,"parent":0,"menu_order":0,"comment_status":"closed","ping_status":"closed","template":"custom-page.php","meta":[],"yoast_head":"<!-- This site is optimized with the Yoast SEO plugin v15.9 - https:\/\/yoast.com\/wordpress\/plugins\/seo\/ -->\n<title>Was wir anbauen - Azienda Agricola Apani<\/title>\n<meta name=\"robots\" content=\"index, follow, max-snippet:-1, max-image-preview:large, max-video-preview:-1\" \/>\n<link rel=\"canonical\" href=\"https:\/\/apani.it\/de\/was-wir-anbauen\/\" \/>\n<meta property=\"og:locale\" content=\"de_DE\" \/>\n<meta property=\"og:type\" content=\"article\" \/>\n<meta property=\"og:title\" content=\"Was wir anbauen - Azienda Agricola Apani\" \/>\n<meta property=\"og:description\" content=\"[vc_row full_width=&#8221;container-null&#8221;][vc_column agro_disable_column=&#8221;yes&#8221;][\/vc_column][\/vc_row][vc_row full_width=&#8221;container-null&#8221;][vc_column agro_disable_column=&#8221;yes&#8221;][\/vc_column][\/vc_row][vc_row full_width=&#8221;container-null&#8221;][vc_column agro_disable_column=&#8221;yes&#8221;][\/vc_column][\/vc_row][vc_row full_width=&#8221;container-null&#8221;][vc_column agro_disable_column=&#8221;yes&#8221;][\/vc_column][\/vc_row][vc_row full_width=&#8221;container-null&#8221;][vc_column agro_disable_column=&#8221;yes&#8221;][\/vc_column][\/vc_row][vc_row full_width=&#8221;container-null&#8221; disable_element=&#8221;yes&#8221;][vc_column agro_disable_column=&#8221;yes&#8221;][\/vc_column][\/vc_row][vc_row full_width=&#8221;container-stretch&#8221; disable_element=&#8221;yes&#8221; css=&#8221;.vc_custom_1613487823575{padding-bottom: 124px !important;}&#8221; agro_md_css=&#8221;.vc_custom_1613487823580{padding-bottom: 84px !important;}&#8221; el_class=&#8221;section section&#8211;dark-bg&#8221; agro_sm_css=&#8221;.vc_custom_1613487823581{padding-bottom: 54px !important;}&#8221;][vc_column el_class=&#8221;section-heading&#8211;white&#8221;][\/vc_column][\/vc_row][vc_row full_width=&#8221;stretch_row_content_no_spaces&#8221; disable_element=&#8221;yes&#8221;][vc_column][\/vc_column][\/vc_row]\" \/>\n<meta property=\"og:url\" content=\"https:\/\/apani.it\/de\/was-wir-anbauen\/\" \/>\n<meta property=\"og:site_name\" content=\"Azienda Agricola Apani\" \/>\n<meta property=\"article:modified_time\" content=\"2021-05-04T09:10:40+00:00\" \/>\n<meta name=\"twitter:card\" content=\"summary_large_image\" \/>\n<meta name=\"twitter:label1\" content=\"Gesch\u00e4tzte Lesezeit\">\n\t<meta name=\"twitter:data1\" content=\"2\u00a0Minuten\">\n<script type=\"application\/ld+json\" class=\"yoast-schema-graph\">{\"@context\":\"https:\/\/schema.org\",\"@graph\":[{\"@type\":\"WebSite\",\"@id\":\"https:\/\/apani.it\/#website\",\"url\":\"https:\/\/apani.it\/\",\"name\":\"Azienda Agricola Apani\",\"description\":\"\",\"potentialAction\":[{\"@type\":\"SearchAction\",\"target\":\"https:\/\/apani.it\/?s={search_term_string}\",\"query-input\":\"required name=search_term_string\"}],\"inLanguage\":\"de\"},{\"@type\":\"WebPage\",\"@id\":\"https:\/\/apani.it\/de\/was-wir-anbauen\/#webpage\",\"url\":\"https:\/\/apani.it\/de\/was-wir-anbauen\/\",\"name\":\"Was wir anbauen - Azienda Agricola Apani\",\"isPartOf\":{\"@id\":\"https:\/\/apani.it\/#website\"},\"datePublished\":\"2019-02-05T09:56:02+00:00\",\"dateModified\":\"2021-05-04T09:10:40+00:00\",\"breadcrumb\":{\"@id\":\"https:\/\/apani.it\/de\/was-wir-anbauen\/#breadcrumb\"},\"inLanguage\":\"de\",\"potentialAction\":[{\"@type\":\"ReadAction\",\"target\":[\"https:\/\/apani.it\/de\/was-wir-anbauen\/\"]}]},{\"@type\":\"BreadcrumbList\",\"@id\":\"https:\/\/apani.it\/de\/was-wir-anbauen\/#breadcrumb\",\"itemListElement\":[{\"@type\":\"ListItem\",\"position\":1,\"item\":{\"@type\":\"WebPage\",\"@id\":\"https:\/\/apani.it\/de\/\",\"url\":\"https:\/\/apani.it\/de\/\",\"name\":\"Home\"}},{\"@type\":\"ListItem\",\"position\":2,\"item\":{\"@type\":\"WebPage\",\"@id\":\"https:\/\/apani.it\/de\/was-wir-anbauen\/\",\"url\":\"https:\/\/apani.it\/de\/was-wir-anbauen\/\",\"name\":\"Was wir anbauen\"}}]}]}<\/script>\n<!-- \/ Yoast SEO plugin. -->","_links":{"self":[{"href":"https:\/\/apani.it\/de\/wp-json\/wp\/v2\/pages\/1606"}],"collection":[{"href":"https:\/\/apani.it\/de\/wp-json\/wp\/v2\/pages"}],"about":[{"href":"https:\/\/apani.it\/de\/wp-json\/wp\/v2\/types\/page"}],"author":[{"embeddable":true,"href":"https:\/\/apani.it\/de\/wp-json\/wp\/v2\/users\/1"}],"replies":[{"embeddable":true,"href":"https:\/\/apani.it\/de\/wp-json\/wp\/v2\/comments?post=1606"}],"version-history":[{"count":6,"href":"https:\/\/apani.it\/de\/wp-json\/wp\/v2\/pages\/1606\/revisions"}],"predecessor-version":[{"id":1612,"href":"https:\/\/apani.it\/de\/wp-json\/wp\/v2\/pages\/1606\/revisions\/1612"}],"wp:attachment":[{"href":"https:\/\/apani.it\/de\/wp-json\/wp\/v2\/media?parent=1606"}],"curies":[{"name":"wp","href":"https:\/\/api.w.org\/{rel}","templated":true}]}}