{"id":1663,"date":"2021-02-24T16:09:29","date_gmt":"2021-02-24T15:09:29","guid":{"rendered":"https:\/\/apani.it\/pagamenti-accettati\/"},"modified":"2021-05-11T10:28:29","modified_gmt":"2021-05-11T09:28:29","slug":"zahlungen","status":"publish","type":"page","link":"https:\/\/apani.it\/de\/zahlungen\/","title":{"rendered":"Zahlungen"},"content":{"rendered":"<div class=\"wpb_text_column wpb_content_element \">\n<div class=\"wpb_wrapper\">\n<p><strong>Wir akzeptieren die folgenden Zahlungsarten:<\/strong><br \/>\nPaypal, Stripe, Kreditkarten und Postepay, Bank\u00fcberweisung im Voraus.<\/p>\n<p><strong>Zahlungen mit Paypal, Stripe und Kreditkarten:<\/strong><br \/>\nDer Benutzer zahlt direkt \u00fcber das Paypal\/Stripe-Portal.<\/p>\n<p><strong>Relevant:<\/strong><br \/>\n&#8211; Der Inhaber der Bestellung muss der Inhaber des Paypal-Kontos sein.<br \/>\n&#8211; Es ist notwendig, eine Festnetz- oder Mobiltelefonnummer anzugeben.<br \/>\n&#8211; Die Produkte werden an die Adresse des Inhabers der Bestellung versandt.<\/p>\n<p><strong>Zahlungen per Bank\u00fcberweisung:<\/strong><br \/>\nKonto gef\u00fchrt von Vincenzo Raffaele Bello<br \/>\nBANK: BPER BANK<br \/>\nIBAN: IT36L0311179280000000000792<\/p>\n<p>Es versteht sich, dass, wenn Sie die Bank\u00fcberweisung w\u00e4hlen, die Ware erst nach \u00dcberpr\u00fcfung der Gutschrift auf unserem Bankkonto versendet wird. Der auf der \u00dcberweisung anzugebende Grund muss folgende Angaben enthalten: Auftragsnummer, Vor- und Nachname des Zahlungspflichtigen. Auf dem aktuellen Stand des Bankensystems wird der \u00fcberwiesene Betrag auf die c \/ c des Empf\u00e4ngers nicht fr\u00fcher als 3\/5 Arbeitstage ab dem Datum der Ausf\u00fchrung des gleichen gutgeschrieben. Wenn wir die Zahlung nicht innerhalb von 8\/10 Tagen ab dem Datum der Bestellung erhalten, wird die Bestellung storniert.<\/p>\n<\/div>\n<\/div>\n","protected":false},"excerpt":{"rendered":"<p>Wir akzeptieren die folgenden Zahlungsarten: Paypal, Stripe, Kreditkarten und Postepay, Bank\u00fcberweisung im Voraus. Zahlungen mit Paypal, Stripe und Kreditkarten: Der Benutzer zahlt direkt \u00fcber das Paypal\/Stripe-Portal. Relevant: &#8211; Der Inhaber der Bestellung muss der Inhaber des Paypal-Kontos sein. &#8211; Es ist notwendig, eine Festnetz- oder Mobiltelefonnummer anzugeben. &#8211; Die Produkte werden an die Adresse des&#8230;<\/p>\n","protected":false},"author":1,"featured_media":0,"parent":0,"menu_order":0,"comment_status":"closed","ping_status":"closed","template":"","meta":[],"yoast_head":"<!-- This site is optimized with the Yoast SEO plugin v15.9 - https:\/\/yoast.com\/wordpress\/plugins\/seo\/ -->\n<title>Zahlungen - Azienda Agricola Apani<\/title>\n<meta name=\"robots\" content=\"index, follow, max-snippet:-1, max-image-preview:large, max-video-preview:-1\" \/>\n<link rel=\"canonical\" href=\"https:\/\/apani.it\/de\/zahlungen\/\" \/>\n<meta property=\"og:locale\" content=\"de_DE\" \/>\n<meta property=\"og:type\" content=\"article\" \/>\n<meta property=\"og:title\" content=\"Zahlungen - Azienda Agricola Apani\" \/>\n<meta property=\"og:description\" content=\"Wir akzeptieren die folgenden Zahlungsarten: Paypal, Stripe, Kreditkarten und Postepay, Bank\u00fcberweisung im Voraus. Zahlungen mit Paypal, Stripe und Kreditkarten: Der Benutzer zahlt direkt \u00fcber das Paypal\/Stripe-Portal. Relevant: &#8211; Der Inhaber der Bestellung muss der Inhaber des Paypal-Kontos sein. &#8211; Es ist notwendig, eine Festnetz- oder Mobiltelefonnummer anzugeben. &#8211; Die Produkte werden an die Adresse des...\" \/>\n<meta property=\"og:url\" content=\"https:\/\/apani.it\/de\/zahlungen\/\" \/>\n<meta property=\"og:site_name\" content=\"Azienda Agricola Apani\" \/>\n<meta property=\"article:modified_time\" content=\"2021-05-11T09:28:29+00:00\" \/>\n<meta name=\"twitter:card\" content=\"summary_large_image\" \/>\n<meta name=\"twitter:label1\" content=\"Gesch\u00e4tzte Lesezeit\">\n\t<meta name=\"twitter:data1\" content=\"1\u00a0Minute\">\n<script type=\"application\/ld+json\" class=\"yoast-schema-graph\">{\"@context\":\"https:\/\/schema.org\",\"@graph\":[{\"@type\":\"WebSite\",\"@id\":\"https:\/\/apani.it\/#website\",\"url\":\"https:\/\/apani.it\/\",\"name\":\"Azienda Agricola Apani\",\"description\":\"\",\"potentialAction\":[{\"@type\":\"SearchAction\",\"target\":\"https:\/\/apani.it\/?s={search_term_string}\",\"query-input\":\"required name=search_term_string\"}],\"inLanguage\":\"de\"},{\"@type\":\"WebPage\",\"@id\":\"https:\/\/apani.it\/de\/zahlungen\/#webpage\",\"url\":\"https:\/\/apani.it\/de\/zahlungen\/\",\"name\":\"Zahlungen - Azienda Agricola Apani\",\"isPartOf\":{\"@id\":\"https:\/\/apani.it\/#website\"},\"datePublished\":\"2021-02-24T15:09:29+00:00\",\"dateModified\":\"2021-05-11T09:28:29+00:00\",\"breadcrumb\":{\"@id\":\"https:\/\/apani.it\/de\/zahlungen\/#breadcrumb\"},\"inLanguage\":\"de\",\"potentialAction\":[{\"@type\":\"ReadAction\",\"target\":[\"https:\/\/apani.it\/de\/zahlungen\/\"]}]},{\"@type\":\"BreadcrumbList\",\"@id\":\"https:\/\/apani.it\/de\/zahlungen\/#breadcrumb\",\"itemListElement\":[{\"@type\":\"ListItem\",\"position\":1,\"item\":{\"@type\":\"WebPage\",\"@id\":\"https:\/\/apani.it\/de\/\",\"url\":\"https:\/\/apani.it\/de\/\",\"name\":\"Home\"}},{\"@type\":\"ListItem\",\"position\":2,\"item\":{\"@type\":\"WebPage\",\"@id\":\"https:\/\/apani.it\/de\/zahlungen\/\",\"url\":\"https:\/\/apani.it\/de\/zahlungen\/\",\"name\":\"Zahlungen\"}}]}]}<\/script>\n<!-- \/ Yoast SEO plugin. -->","_links":{"self":[{"href":"https:\/\/apani.it\/de\/wp-json\/wp\/v2\/pages\/1663"}],"collection":[{"href":"https:\/\/apani.it\/de\/wp-json\/wp\/v2\/pages"}],"about":[{"href":"https:\/\/apani.it\/de\/wp-json\/wp\/v2\/types\/page"}],"author":[{"embeddable":true,"href":"https:\/\/apani.it\/de\/wp-json\/wp\/v2\/users\/1"}],"replies":[{"embeddable":true,"href":"https:\/\/apani.it\/de\/wp-json\/wp\/v2\/comments?post=1663"}],"version-history":[{"count":1,"href":"https:\/\/apani.it\/de\/wp-json\/wp\/v2\/pages\/1663\/revisions"}],"predecessor-version":[{"id":1669,"href":"https:\/\/apani.it\/de\/wp-json\/wp\/v2\/pages\/1663\/revisions\/1669"}],"wp:attachment":[{"href":"https:\/\/apani.it\/de\/wp-json\/wp\/v2\/media?parent=1663"}],"curies":[{"name":"wp","href":"https:\/\/api.w.org\/{rel}","templated":true}]}}