{"id":1664,"date":"2016-05-10T03:48:21","date_gmt":"2016-05-10T03:48:21","guid":{"rendered":"https:\/\/apani.it\/spedizioni\/"},"modified":"2021-05-11T10:25:07","modified_gmt":"2021-05-11T09:25:07","slug":"lieferungen","status":"publish","type":"page","link":"https:\/\/apani.it\/de\/lieferungen\/","title":{"rendered":"Lieferungen"},"content":{"rendered":"<p><strong>VERSAND ITALIEN<\/strong><\/p>\n<p>Der Versand kostet 9 Euro.<\/p>\n<p>Die Versandkosten sind v\u00f6llig KOSTENLOS f\u00fcr alle Bestellungen \u00fcber 100 \u20ac, die innerhalb Italiens versandt werden (die Vorbereitungszeit f\u00fcr die Bestellung dauert maximal 48h und der Kurier liefert in maximal 48h).<\/p>\n<p>F\u00fcr den Rest der Welt: bitte senden Sie uns eine E-Mail an info@apani.it.<\/p>\n<p>&nbsp;<\/p>\n","protected":false},"excerpt":{"rendered":"<p>VERSAND ITALIEN Der Versand kostet 9 Euro. Die Versandkosten sind v\u00f6llig KOSTENLOS f\u00fcr alle Bestellungen \u00fcber 100 \u20ac, die innerhalb Italiens versandt werden (die Vorbereitungszeit f\u00fcr die Bestellung dauert maximal 48h und der Kurier liefert in maximal 48h). F\u00fcr den Rest der Welt: bitte senden Sie uns eine E-Mail an info@apani.it. &nbsp;<\/p>\n","protected":false},"author":1,"featured_media":0,"parent":0,"menu_order":0,"comment_status":"closed","ping_status":"closed","template":"","meta":[],"yoast_head":"<!-- This site is optimized with the Yoast SEO plugin v15.9 - https:\/\/yoast.com\/wordpress\/plugins\/seo\/ -->\n<title>Lieferungen - Azienda Agricola Apani<\/title>\n<meta name=\"robots\" content=\"index, follow, max-snippet:-1, max-image-preview:large, max-video-preview:-1\" \/>\n<link rel=\"canonical\" href=\"https:\/\/apani.it\/de\/lieferungen\/\" \/>\n<meta property=\"og:locale\" content=\"de_DE\" \/>\n<meta property=\"og:type\" content=\"article\" \/>\n<meta property=\"og:title\" content=\"Lieferungen - Azienda Agricola Apani\" \/>\n<meta property=\"og:description\" content=\"VERSAND ITALIEN Der Versand kostet 9 Euro. Die Versandkosten sind v\u00f6llig KOSTENLOS f\u00fcr alle Bestellungen \u00fcber 100 \u20ac, die innerhalb Italiens versandt werden (die Vorbereitungszeit f\u00fcr die Bestellung dauert maximal 48h und der Kurier liefert in maximal 48h). F\u00fcr den Rest der Welt: bitte senden Sie uns eine E-Mail an info@apani.it. &nbsp;\" \/>\n<meta property=\"og:url\" content=\"https:\/\/apani.it\/de\/lieferungen\/\" \/>\n<meta property=\"og:site_name\" content=\"Azienda Agricola Apani\" \/>\n<meta property=\"article:modified_time\" content=\"2021-05-11T09:25:07+00:00\" \/>\n<meta name=\"twitter:card\" content=\"summary_large_image\" \/>\n<meta name=\"twitter:label1\" content=\"Gesch\u00e4tzte Lesezeit\">\n\t<meta name=\"twitter:data1\" content=\"1\u00a0Minute\">\n<script type=\"application\/ld+json\" class=\"yoast-schema-graph\">{\"@context\":\"https:\/\/schema.org\",\"@graph\":[{\"@type\":\"WebSite\",\"@id\":\"https:\/\/apani.it\/#website\",\"url\":\"https:\/\/apani.it\/\",\"name\":\"Azienda Agricola Apani\",\"description\":\"\",\"potentialAction\":[{\"@type\":\"SearchAction\",\"target\":\"https:\/\/apani.it\/?s={search_term_string}\",\"query-input\":\"required name=search_term_string\"}],\"inLanguage\":\"de\"},{\"@type\":\"WebPage\",\"@id\":\"https:\/\/apani.it\/de\/lieferungen\/#webpage\",\"url\":\"https:\/\/apani.it\/de\/lieferungen\/\",\"name\":\"Lieferungen - Azienda Agricola Apani\",\"isPartOf\":{\"@id\":\"https:\/\/apani.it\/#website\"},\"datePublished\":\"2016-05-10T03:48:21+00:00\",\"dateModified\":\"2021-05-11T09:25:07+00:00\",\"breadcrumb\":{\"@id\":\"https:\/\/apani.it\/de\/lieferungen\/#breadcrumb\"},\"inLanguage\":\"de\",\"potentialAction\":[{\"@type\":\"ReadAction\",\"target\":[\"https:\/\/apani.it\/de\/lieferungen\/\"]}]},{\"@type\":\"BreadcrumbList\",\"@id\":\"https:\/\/apani.it\/de\/lieferungen\/#breadcrumb\",\"itemListElement\":[{\"@type\":\"ListItem\",\"position\":1,\"item\":{\"@type\":\"WebPage\",\"@id\":\"https:\/\/apani.it\/de\/\",\"url\":\"https:\/\/apani.it\/de\/\",\"name\":\"Home\"}},{\"@type\":\"ListItem\",\"position\":2,\"item\":{\"@type\":\"WebPage\",\"@id\":\"https:\/\/apani.it\/de\/lieferungen\/\",\"url\":\"https:\/\/apani.it\/de\/lieferungen\/\",\"name\":\"Lieferungen\"}}]}]}<\/script>\n<!-- \/ Yoast SEO plugin. -->","_links":{"self":[{"href":"https:\/\/apani.it\/de\/wp-json\/wp\/v2\/pages\/1664"}],"collection":[{"href":"https:\/\/apani.it\/de\/wp-json\/wp\/v2\/pages"}],"about":[{"href":"https:\/\/apani.it\/de\/wp-json\/wp\/v2\/types\/page"}],"author":[{"embeddable":true,"href":"https:\/\/apani.it\/de\/wp-json\/wp\/v2\/users\/1"}],"replies":[{"embeddable":true,"href":"https:\/\/apani.it\/de\/wp-json\/wp\/v2\/comments?post=1664"}],"version-history":[{"count":3,"href":"https:\/\/apani.it\/de\/wp-json\/wp\/v2\/pages\/1664\/revisions"}],"predecessor-version":[{"id":1668,"href":"https:\/\/apani.it\/de\/wp-json\/wp\/v2\/pages\/1664\/revisions\/1668"}],"wp:attachment":[{"href":"https:\/\/apani.it\/de\/wp-json\/wp\/v2\/media?parent=1664"}],"curies":[{"name":"wp","href":"https:\/\/api.w.org\/{rel}","templated":true}]}}