{"id":1634,"date":"2021-02-18T13:10:30","date_gmt":"2021-02-18T12:10:30","guid":{"rendered":"https:\/\/apani.it\/prodotto\/linsenmehl\/"},"modified":"2021-05-04T14:30:00","modified_gmt":"2021-05-04T13:30:00","slug":"linsenmehl","status":"publish","type":"product","link":"https:\/\/apani.it\/de\/prodotto\/linsenmehl\/","title":{"rendered":"Linsenmehl"},"content":{"rendered":"<p>Mehl aus Linsen, die in unseren Territorien in Contrada Apani, an der Nordk\u00fcste von Brindisi, produziert und angebaut werden.<\/p>\n<p>Linsenmehl ist das durch die Verarbeitung von getrockneten Linsen gewonnene Pulver und wird vor allem bei der Zubereitung von fl\u00fcssigen Vorspeisen wie Cremes und Suppen verwendet; es wird auch oft mit glutenfreien Mehlen (vor allem Weizenmehl) zur Herstellung von Backwaren (mit Sauerteig oder Bierhefe) gemischt.<\/p>\n<p>Aus ern\u00e4hrungsphysiologischer Sicht ist Linsenmehl als Derivat von H\u00fclsenfr\u00fcchten reich an Proteinen und Kohlenhydraten, enth\u00e4lt au\u00dferdem die Vitamine B1, B2 und B3; es ist au\u00dferdem besonders harntreibend, galaktogen, d.h. es f\u00f6rdert die Milchbildung, und ist reich an l\u00f6slichen und unl\u00f6slichen Ballaststoffen, darunter zwei probiotische Ballaststoffe wie<br \/>\nprobiotische Ballaststoffe wie Inulin und Pektin.<\/p>\n<p>Allergene: kann Spuren von Gluten enthalten Aufbewahrung: k\u00fchl und trocken lagern<\/p>\n","protected":false},"excerpt":{"rendered":"<p>Mehl aus Linsen, die in unseren Territorien in Contrada Apani, an der Nordk\u00fcste von Brindisi, produziert und angebaut werden. Linsenmehl ist das durch die Verarbeitung von getrockneten Linsen gewonnene Pulver und wird vor allem bei der Zubereitung von fl\u00fcssigen Vorspeisen wie Cremes und Suppen verwendet; es wird auch oft mit glutenfreien Mehlen (vor allem Weizenmehl)&#8230;<\/p>\n","protected":false},"featured_media":1514,"template":"","meta":[],"yoast_head":"<!-- This site is optimized with the Yoast SEO plugin v15.9 - https:\/\/yoast.com\/wordpress\/plugins\/seo\/ -->\n<title>Linsenmehl - Azienda Agricola Apani<\/title>\n<meta name=\"robots\" content=\"index, follow, max-snippet:-1, max-image-preview:large, max-video-preview:-1\" \/>\n<link rel=\"canonical\" href=\"https:\/\/apani.it\/de\/prodotto\/linsenmehl\/\" \/>\n<meta property=\"og:locale\" content=\"de_DE\" \/>\n<meta property=\"og:type\" content=\"article\" \/>\n<meta property=\"og:title\" content=\"Linsenmehl - Azienda Agricola Apani\" \/>\n<meta property=\"og:description\" content=\"Mehl aus Linsen, die in unseren Territorien in Contrada Apani, an der Nordk\u00fcste von Brindisi, produziert und angebaut werden. Linsenmehl ist das durch die Verarbeitung von getrockneten Linsen gewonnene Pulver und wird vor allem bei der Zubereitung von fl\u00fcssigen Vorspeisen wie Cremes und Suppen verwendet; es wird auch oft mit glutenfreien Mehlen (vor allem Weizenmehl)...\" \/>\n<meta property=\"og:url\" content=\"https:\/\/apani.it\/de\/prodotto\/linsenmehl\/\" \/>\n<meta property=\"og:site_name\" content=\"Azienda Agricola Apani\" \/>\n<meta property=\"article:modified_time\" content=\"2021-05-04T13:30:00+00:00\" \/>\n<meta property=\"og:image\" content=\"https:\/\/apani.it\/wp-content\/uploads\/2021\/02\/Farina_di_Lenticchie_1Kgi.jpg\" \/>\n\t<meta property=\"og:image:width\" content=\"800\" \/>\n\t<meta property=\"og:image:height\" content=\"800\" \/>\n<meta name=\"twitter:card\" content=\"summary_large_image\" \/>\n<meta name=\"twitter:label1\" content=\"Gesch\u00e4tzte Lesezeit\">\n\t<meta name=\"twitter:data1\" content=\"1\u00a0Minute\">\n<script type=\"application\/ld+json\" class=\"yoast-schema-graph\">{\"@context\":\"https:\/\/schema.org\",\"@graph\":[{\"@type\":\"WebSite\",\"@id\":\"https:\/\/apani.it\/#website\",\"url\":\"https:\/\/apani.it\/\",\"name\":\"Azienda Agricola Apani\",\"description\":\"\",\"potentialAction\":[{\"@type\":\"SearchAction\",\"target\":\"https:\/\/apani.it\/?s={search_term_string}\",\"query-input\":\"required name=search_term_string\"}],\"inLanguage\":\"de\"},{\"@type\":\"ImageObject\",\"@id\":\"https:\/\/apani.it\/de\/prodotto\/linsenmehl\/#primaryimage\",\"inLanguage\":\"de\",\"url\":\"https:\/\/apani.it\/wp-content\/uploads\/2021\/02\/Farina_di_Lenticchie_1Kgi.jpg\",\"width\":800,\"height\":800},{\"@type\":\"WebPage\",\"@id\":\"https:\/\/apani.it\/de\/prodotto\/linsenmehl\/#webpage\",\"url\":\"https:\/\/apani.it\/de\/prodotto\/linsenmehl\/\",\"name\":\"Linsenmehl - Azienda Agricola Apani\",\"isPartOf\":{\"@id\":\"https:\/\/apani.it\/#website\"},\"primaryImageOfPage\":{\"@id\":\"https:\/\/apani.it\/de\/prodotto\/linsenmehl\/#primaryimage\"},\"datePublished\":\"2021-02-18T12:10:30+00:00\",\"dateModified\":\"2021-05-04T13:30:00+00:00\",\"breadcrumb\":{\"@id\":\"https:\/\/apani.it\/de\/prodotto\/linsenmehl\/#breadcrumb\"},\"inLanguage\":\"de\",\"potentialAction\":[{\"@type\":\"ReadAction\",\"target\":[\"https:\/\/apani.it\/de\/prodotto\/linsenmehl\/\"]}]},{\"@type\":\"BreadcrumbList\",\"@id\":\"https:\/\/apani.it\/de\/prodotto\/linsenmehl\/#breadcrumb\",\"itemListElement\":[{\"@type\":\"ListItem\",\"position\":1,\"item\":{\"@type\":\"WebPage\",\"@id\":\"https:\/\/apani.it\/de\/\",\"url\":\"https:\/\/apani.it\/de\/\",\"name\":\"Home\"}},{\"@type\":\"ListItem\",\"position\":2,\"item\":{\"@type\":\"WebPage\",\"@id\":\"https:\/\/apani.it\/de\/shop-de\/\",\"url\":\"https:\/\/apani.it\/de\/shop-de\/\",\"name\":\"Shop\"}},{\"@type\":\"ListItem\",\"position\":3,\"item\":{\"@type\":\"WebPage\",\"@id\":\"https:\/\/apani.it\/de\/prodotto\/linsenmehl\/\",\"url\":\"https:\/\/apani.it\/de\/prodotto\/linsenmehl\/\",\"name\":\"Linsenmehl\"}}]}]}<\/script>\n<!-- \/ Yoast SEO plugin. -->","_links":{"self":[{"href":"https:\/\/apani.it\/de\/wp-json\/wp\/v2\/product\/1634"}],"collection":[{"href":"https:\/\/apani.it\/de\/wp-json\/wp\/v2\/product"}],"about":[{"href":"https:\/\/apani.it\/de\/wp-json\/wp\/v2\/types\/product"}],"wp:featuredmedia":[{"embeddable":true,"href":"https:\/\/apani.it\/de\/wp-json\/wp\/v2\/media\/1514"}],"wp:attachment":[{"href":"https:\/\/apani.it\/de\/wp-json\/wp\/v2\/media?parent=1634"}],"curies":[{"name":"wp","href":"https:\/\/api.w.org\/{rel}","templated":true}]}}