{"id":1635,"date":"2021-02-18T13:09:48","date_gmt":"2021-02-18T12:09:48","guid":{"rendered":"https:\/\/apani.it\/prodotto\/kichererbsenmehl\/"},"modified":"2021-02-18T13:09:48","modified_gmt":"2021-02-18T12:09:48","slug":"kichererbsenmehl","status":"publish","type":"product","link":"https:\/\/apani.it\/de\/prodotto\/kichererbsenmehl\/","title":{"rendered":"Kichererbsenmehl"},"content":{"rendered":"<p>Kichererbsenmehl, produziert und kultiviert in unseren Territorien von Contrada Apani, an der Nordk\u00fcste von Brindisi.<\/p>\n<p>Das Kichererbsenmehl ist nichts anderes als das Pulver, das durch die Verarbeitung der getrockneten Kichererbsen gewonnen wird. Zu den vielseitigsten Zutaten in der K\u00fcche geh\u00f6rt definitiv das Kichererbsenmehl, ber\u00fchmt f\u00fcr seinen feinen Geschmack, der sich an die Zubereitung verschiedener s\u00fc\u00dfer und herzhafter Rezepte anpassen kann: den Brei, die Frikadellen, die Torten, die Burger und die Desserts.<\/p>\n<p>Aus ern\u00e4hrungsphysiologischer Sicht ist das Kichererbsenmehl als Derivat von H\u00fclsenfr\u00fcchten reich an Eiwei\u00df und Kohlenhydraten, daher sehr nahrhaft und energiereich, enth\u00e4lt Fette und eine ordentliche Menge an mehrfach unges\u00e4ttigten Fetts\u00e4uren, pflanzliches Eiwei\u00df, Ballaststoffe, B-Vitamine (B1, B2, B3, B5, B6) und die Gruppen C und E, die Kichererbsen sind auch reich an Saponinen, n\u00fctzlich, um den Cholesterin- und Triglyceridspiegel im Blut zu senken, sowie Mineralien wie Eisen, Kalzium und Phosphor.<\/p>\n<p>Allergene: kann Spuren von Gluten enthalten. Lagerung: an einem k\u00fchlen, trockenen Ort.<\/p>\n","protected":false},"excerpt":{"rendered":"<p>Kichererbsenmehl, produziert und kultiviert in unseren Territorien von Contrada Apani, an der Nordk\u00fcste von Brindisi. Das Kichererbsenmehl ist nichts anderes als das Pulver, das durch die Verarbeitung der getrockneten Kichererbsen gewonnen wird. Zu den vielseitigsten Zutaten in der K\u00fcche geh\u00f6rt definitiv das Kichererbsenmehl, ber\u00fchmt f\u00fcr seinen feinen Geschmack, der sich an die Zubereitung verschiedener s\u00fc\u00dfer&#8230;<\/p>\n","protected":false},"featured_media":1513,"template":"","meta":[],"yoast_head":"<!-- This site is optimized with the Yoast SEO plugin v15.9 - https:\/\/yoast.com\/wordpress\/plugins\/seo\/ -->\n<title>Kichererbsenmehl - Azienda Agricola Apani<\/title>\n<meta name=\"robots\" content=\"index, follow, max-snippet:-1, max-image-preview:large, max-video-preview:-1\" \/>\n<link rel=\"canonical\" href=\"https:\/\/apani.it\/de\/prodotto\/kichererbsenmehl\/\" \/>\n<meta property=\"og:locale\" content=\"de_DE\" \/>\n<meta property=\"og:type\" content=\"article\" \/>\n<meta property=\"og:title\" content=\"Kichererbsenmehl - Azienda Agricola Apani\" \/>\n<meta property=\"og:description\" content=\"Kichererbsenmehl, produziert und kultiviert in unseren Territorien von Contrada Apani, an der Nordk\u00fcste von Brindisi. Das Kichererbsenmehl ist nichts anderes als das Pulver, das durch die Verarbeitung der getrockneten Kichererbsen gewonnen wird. Zu den vielseitigsten Zutaten in der K\u00fcche geh\u00f6rt definitiv das Kichererbsenmehl, ber\u00fchmt f\u00fcr seinen feinen Geschmack, der sich an die Zubereitung verschiedener s\u00fc\u00dfer...\" \/>\n<meta property=\"og:url\" content=\"https:\/\/apani.it\/de\/prodotto\/kichererbsenmehl\/\" \/>\n<meta property=\"og:site_name\" content=\"Azienda Agricola Apani\" \/>\n<meta property=\"og:image\" content=\"https:\/\/apani.it\/wp-content\/uploads\/2021\/02\/Farina_di_Ceci_1Kg.jpg\" \/>\n\t<meta property=\"og:image:width\" content=\"800\" \/>\n\t<meta property=\"og:image:height\" content=\"800\" \/>\n<meta name=\"twitter:card\" content=\"summary_large_image\" \/>\n<meta name=\"twitter:label1\" content=\"Gesch\u00e4tzte Lesezeit\">\n\t<meta name=\"twitter:data1\" content=\"1\u00a0Minute\">\n<script type=\"application\/ld+json\" class=\"yoast-schema-graph\">{\"@context\":\"https:\/\/schema.org\",\"@graph\":[{\"@type\":\"WebSite\",\"@id\":\"https:\/\/apani.it\/#website\",\"url\":\"https:\/\/apani.it\/\",\"name\":\"Azienda Agricola Apani\",\"description\":\"\",\"potentialAction\":[{\"@type\":\"SearchAction\",\"target\":\"https:\/\/apani.it\/?s={search_term_string}\",\"query-input\":\"required name=search_term_string\"}],\"inLanguage\":\"de\"},{\"@type\":\"ImageObject\",\"@id\":\"https:\/\/apani.it\/de\/prodotto\/kichererbsenmehl\/#primaryimage\",\"inLanguage\":\"de\",\"url\":\"https:\/\/apani.it\/wp-content\/uploads\/2021\/02\/Farina_di_Ceci_1Kg.jpg\",\"width\":800,\"height\":800},{\"@type\":\"WebPage\",\"@id\":\"https:\/\/apani.it\/de\/prodotto\/kichererbsenmehl\/#webpage\",\"url\":\"https:\/\/apani.it\/de\/prodotto\/kichererbsenmehl\/\",\"name\":\"Kichererbsenmehl - Azienda Agricola Apani\",\"isPartOf\":{\"@id\":\"https:\/\/apani.it\/#website\"},\"primaryImageOfPage\":{\"@id\":\"https:\/\/apani.it\/de\/prodotto\/kichererbsenmehl\/#primaryimage\"},\"datePublished\":\"2021-02-18T12:09:48+00:00\",\"dateModified\":\"2021-02-18T12:09:48+00:00\",\"breadcrumb\":{\"@id\":\"https:\/\/apani.it\/de\/prodotto\/kichererbsenmehl\/#breadcrumb\"},\"inLanguage\":\"de\",\"potentialAction\":[{\"@type\":\"ReadAction\",\"target\":[\"https:\/\/apani.it\/de\/prodotto\/kichererbsenmehl\/\"]}]},{\"@type\":\"BreadcrumbList\",\"@id\":\"https:\/\/apani.it\/de\/prodotto\/kichererbsenmehl\/#breadcrumb\",\"itemListElement\":[{\"@type\":\"ListItem\",\"position\":1,\"item\":{\"@type\":\"WebPage\",\"@id\":\"https:\/\/apani.it\/de\/\",\"url\":\"https:\/\/apani.it\/de\/\",\"name\":\"Home\"}},{\"@type\":\"ListItem\",\"position\":2,\"item\":{\"@type\":\"WebPage\",\"@id\":\"https:\/\/apani.it\/de\/shop-de\/\",\"url\":\"https:\/\/apani.it\/de\/shop-de\/\",\"name\":\"Shop\"}},{\"@type\":\"ListItem\",\"position\":3,\"item\":{\"@type\":\"WebPage\",\"@id\":\"https:\/\/apani.it\/de\/prodotto\/kichererbsenmehl\/\",\"url\":\"https:\/\/apani.it\/de\/prodotto\/kichererbsenmehl\/\",\"name\":\"Kichererbsenmehl\"}}]}]}<\/script>\n<!-- \/ Yoast SEO plugin. -->","_links":{"self":[{"href":"https:\/\/apani.it\/de\/wp-json\/wp\/v2\/product\/1635"}],"collection":[{"href":"https:\/\/apani.it\/de\/wp-json\/wp\/v2\/product"}],"about":[{"href":"https:\/\/apani.it\/de\/wp-json\/wp\/v2\/types\/product"}],"wp:featuredmedia":[{"embeddable":true,"href":"https:\/\/apani.it\/de\/wp-json\/wp\/v2\/media\/1513"}],"wp:attachment":[{"href":"https:\/\/apani.it\/de\/wp-json\/wp\/v2\/media?parent=1635"}],"curies":[{"name":"wp","href":"https:\/\/api.w.org\/{rel}","templated":true}]}}