{"id":1636,"date":"2021-02-18T13:09:02","date_gmt":"2021-02-18T12:09:02","guid":{"rendered":"https:\/\/apani.it\/prodotto\/hartweizenvollkorngries\/"},"modified":"2021-02-18T13:09:02","modified_gmt":"2021-02-18T12:09:02","slug":"hartweizenvollkorngries","status":"publish","type":"product","link":"https:\/\/apani.it\/de\/prodotto\/hartweizenvollkorngries\/","title":{"rendered":"Hartweizenvollkorngrie\u00df"},"content":{"rendered":"<p>Vollkorn-Hartweizengrie\u00df, gewonnen aus Hartweizen, der in unseren Gebieten der Contrada Apani, an der Nordk\u00fcste von Brindisi, produziert und angebaut wird.<\/p>\n<p>Vollkornmehl ist das am wenigsten raffinierte Mehl und kann pur oder gemischt mit raffinierteren Mehlen verwendet werden, um Produkte mit einem kr\u00e4ftigeren Geschmack, einer dunklen Farbe und Haselnuss-, Bitter- und Uralt-Aromen herzustellen.<\/p>\n<p>Aus ern\u00e4hrungsphysiologischer Sicht ist es reich an Ballaststoffen, s\u00e4ttigenden Vitaminen und hat einen niedrigeren glyk\u00e4mischen Index als ein Mehl vom Typ 0.<\/p>\n<p>Mit dieser Art von Mehl k\u00f6nnen Sie in der Praxis von B\u00e4ckerei, Rotisserie, Geb\u00e4ck, Pasta Produktion.<\/p>\n<p>Allergene: kann Spuren von Gluten enthalten. Lagerung: an einem k\u00fchlen, trockenen Ort.<\/p>\n","protected":false},"excerpt":{"rendered":"<p>Vollkorn-Hartweizengrie\u00df, gewonnen aus Hartweizen, der in unseren Gebieten der Contrada Apani, an der Nordk\u00fcste von Brindisi, produziert und angebaut wird. Vollkornmehl ist das am wenigsten raffinierte Mehl und kann pur oder gemischt mit raffinierteren Mehlen verwendet werden, um Produkte mit einem kr\u00e4ftigeren Geschmack, einer dunklen Farbe und Haselnuss-, Bitter- und Uralt-Aromen herzustellen. Aus ern\u00e4hrungsphysiologischer Sicht&#8230;<\/p>\n","protected":false},"featured_media":1522,"template":"","meta":[],"yoast_head":"<!-- This site is optimized with the Yoast SEO plugin v15.9 - https:\/\/yoast.com\/wordpress\/plugins\/seo\/ -->\n<title>Hartweizenvollkorngrie\u00df - Azienda Agricola Apani<\/title>\n<meta name=\"robots\" content=\"index, follow, max-snippet:-1, max-image-preview:large, max-video-preview:-1\" \/>\n<link rel=\"canonical\" href=\"https:\/\/apani.it\/de\/prodotto\/hartweizenvollkorngries\/\" \/>\n<meta property=\"og:locale\" content=\"de_DE\" \/>\n<meta property=\"og:type\" content=\"article\" \/>\n<meta property=\"og:title\" content=\"Hartweizenvollkorngrie\u00df - Azienda Agricola Apani\" \/>\n<meta property=\"og:description\" content=\"Vollkorn-Hartweizengrie\u00df, gewonnen aus Hartweizen, der in unseren Gebieten der Contrada Apani, an der Nordk\u00fcste von Brindisi, produziert und angebaut wird. Vollkornmehl ist das am wenigsten raffinierte Mehl und kann pur oder gemischt mit raffinierteren Mehlen verwendet werden, um Produkte mit einem kr\u00e4ftigeren Geschmack, einer dunklen Farbe und Haselnuss-, Bitter- und Uralt-Aromen herzustellen. Aus ern\u00e4hrungsphysiologischer Sicht...\" \/>\n<meta property=\"og:url\" content=\"https:\/\/apani.it\/de\/prodotto\/hartweizenvollkorngries\/\" \/>\n<meta property=\"og:site_name\" content=\"Azienda Agricola Apani\" \/>\n<meta property=\"og:image\" content=\"https:\/\/apani.it\/wp-content\/uploads\/2021\/02\/Semola_Integrale_Grano_Duro_1Kg.jpg\" \/>\n\t<meta property=\"og:image:width\" content=\"800\" \/>\n\t<meta property=\"og:image:height\" content=\"800\" \/>\n<meta name=\"twitter:card\" content=\"summary_large_image\" \/>\n<meta name=\"twitter:label1\" content=\"Gesch\u00e4tzte Lesezeit\">\n\t<meta name=\"twitter:data1\" content=\"1\u00a0Minute\">\n<script type=\"application\/ld+json\" class=\"yoast-schema-graph\">{\"@context\":\"https:\/\/schema.org\",\"@graph\":[{\"@type\":\"WebSite\",\"@id\":\"https:\/\/apani.it\/#website\",\"url\":\"https:\/\/apani.it\/\",\"name\":\"Azienda Agricola Apani\",\"description\":\"\",\"potentialAction\":[{\"@type\":\"SearchAction\",\"target\":\"https:\/\/apani.it\/?s={search_term_string}\",\"query-input\":\"required name=search_term_string\"}],\"inLanguage\":\"de\"},{\"@type\":\"ImageObject\",\"@id\":\"https:\/\/apani.it\/de\/prodotto\/hartweizenvollkorngries\/#primaryimage\",\"inLanguage\":\"de\",\"url\":\"https:\/\/apani.it\/wp-content\/uploads\/2021\/02\/Semola_Integrale_Grano_Duro_1Kg.jpg\",\"width\":800,\"height\":800},{\"@type\":\"WebPage\",\"@id\":\"https:\/\/apani.it\/de\/prodotto\/hartweizenvollkorngries\/#webpage\",\"url\":\"https:\/\/apani.it\/de\/prodotto\/hartweizenvollkorngries\/\",\"name\":\"Hartweizenvollkorngrie\\u00df - Azienda Agricola Apani\",\"isPartOf\":{\"@id\":\"https:\/\/apani.it\/#website\"},\"primaryImageOfPage\":{\"@id\":\"https:\/\/apani.it\/de\/prodotto\/hartweizenvollkorngries\/#primaryimage\"},\"datePublished\":\"2021-02-18T12:09:02+00:00\",\"dateModified\":\"2021-02-18T12:09:02+00:00\",\"breadcrumb\":{\"@id\":\"https:\/\/apani.it\/de\/prodotto\/hartweizenvollkorngries\/#breadcrumb\"},\"inLanguage\":\"de\",\"potentialAction\":[{\"@type\":\"ReadAction\",\"target\":[\"https:\/\/apani.it\/de\/prodotto\/hartweizenvollkorngries\/\"]}]},{\"@type\":\"BreadcrumbList\",\"@id\":\"https:\/\/apani.it\/de\/prodotto\/hartweizenvollkorngries\/#breadcrumb\",\"itemListElement\":[{\"@type\":\"ListItem\",\"position\":1,\"item\":{\"@type\":\"WebPage\",\"@id\":\"https:\/\/apani.it\/de\/\",\"url\":\"https:\/\/apani.it\/de\/\",\"name\":\"Home\"}},{\"@type\":\"ListItem\",\"position\":2,\"item\":{\"@type\":\"WebPage\",\"@id\":\"https:\/\/apani.it\/de\/shop-de\/\",\"url\":\"https:\/\/apani.it\/de\/shop-de\/\",\"name\":\"Shop\"}},{\"@type\":\"ListItem\",\"position\":3,\"item\":{\"@type\":\"WebPage\",\"@id\":\"https:\/\/apani.it\/de\/prodotto\/hartweizenvollkorngries\/\",\"url\":\"https:\/\/apani.it\/de\/prodotto\/hartweizenvollkorngries\/\",\"name\":\"Hartweizenvollkorngrie\\u00df\"}}]}]}<\/script>\n<!-- \/ Yoast SEO plugin. -->","_links":{"self":[{"href":"https:\/\/apani.it\/de\/wp-json\/wp\/v2\/product\/1636"}],"collection":[{"href":"https:\/\/apani.it\/de\/wp-json\/wp\/v2\/product"}],"about":[{"href":"https:\/\/apani.it\/de\/wp-json\/wp\/v2\/types\/product"}],"wp:featuredmedia":[{"embeddable":true,"href":"https:\/\/apani.it\/de\/wp-json\/wp\/v2\/media\/1522"}],"wp:attachment":[{"href":"https:\/\/apani.it\/de\/wp-json\/wp\/v2\/media?parent=1636"}],"curies":[{"name":"wp","href":"https:\/\/api.w.org\/{rel}","templated":true}]}}