{"id":1637,"date":"2021-02-18T13:07:53","date_gmt":"2021-02-18T12:07:53","guid":{"rendered":"https:\/\/apani.it\/prodotto\/senatore-cappelli-hartweizengries\/"},"modified":"2021-02-18T13:07:53","modified_gmt":"2021-02-18T12:07:53","slug":"senatore-cappelli-hartweizengries","status":"publish","type":"product","link":"https:\/\/apani.it\/de\/prodotto\/senatore-cappelli-hartweizengries\/","title":{"rendered":"Senatore Cappelli Hartweizengrie\u00df"},"content":{"rendered":"<p>Senatore Cappelli Hartweizengrie\u00df, aus Hartweizen &#8220;Senatore Cappelli&#8221; hergestellt und angebaut in unseren Gebieten der Contrada Apani, an der Nordk\u00fcste von Brindisi.<\/p>\n<p>Der Hartweizen Senatore Cappelli ist eine alte Hartweizensorte, die vor allem in S\u00fcditalien angebaut wird. Die Geschichte beginnt Anfang des 20. Jahrhunderts, als der Genetiker Nazareno Strampelli ausgehend von nordafrikanischen K\u00f6rnern eine rustikale Sorte ausw\u00e4hlte, die sehr widerstandsf\u00e4hig und f\u00fcr die B\u00f6den des S\u00fcdens geeignet war, eine bis zu einem Meter und achtzig hohe Pflanze, der er den Namen Senatore Cappelli geben wollte, womit die Modernisierung der Landwirtschaft in Apulien begann; die \u00c4hren des Cappelli-Weizens, die durch sorgf\u00e4ltige nat\u00fcrliche Auslese in Foggia gewonnen wurden, waren jahrzehntelang die am weitesten verbreitete Kulturpflanze in S\u00fcditalien und auf den Inseln. So gilt der Cappelli-Weizen als Vater des Hartweizens, der in den 30er Jahren als &#8220;auserw\u00e4hlte Rasse&#8221; bezeichnet wurde, ein rustikaler Hartweizen, der arme, lehmige B\u00f6den bevorzugt.<\/p>\n<p>Er hat hervorragende ern\u00e4hrungsphysiologische Eigenschaften und einen hohen Eiwei\u00dfwert, in Apulien haben diese Eigenschaften ihm den Namen<br \/>\nden Spitznamen &#8220;Fleisch der Armen&#8221;.<\/p>\n<p>Allergene: kann Spuren von Gluten enthalten. Lagerung: an einem k\u00fchlen und trockenen Ort.<\/p>\n","protected":false},"excerpt":{"rendered":"<p>Senatore Cappelli Hartweizengrie\u00df, aus Hartweizen &#8220;Senatore Cappelli&#8221; hergestellt und angebaut in unseren Gebieten der Contrada Apani, an der Nordk\u00fcste von Brindisi. Der Hartweizen Senatore Cappelli ist eine alte Hartweizensorte, die vor allem in S\u00fcditalien angebaut wird. Die Geschichte beginnt Anfang des 20. Jahrhunderts, als der Genetiker Nazareno Strampelli ausgehend von nordafrikanischen K\u00f6rnern eine rustikale Sorte&#8230;<\/p>\n","protected":false},"featured_media":1515,"template":"","meta":[],"yoast_head":"<!-- This site is optimized with the Yoast SEO plugin v15.9 - https:\/\/yoast.com\/wordpress\/plugins\/seo\/ -->\n<title>Senatore Cappelli Hartweizengrie\u00df - Azienda Agricola Apani<\/title>\n<meta name=\"robots\" content=\"index, follow, max-snippet:-1, max-image-preview:large, max-video-preview:-1\" \/>\n<link rel=\"canonical\" href=\"https:\/\/apani.it\/de\/prodotto\/senatore-cappelli-hartweizengries\/\" \/>\n<meta property=\"og:locale\" content=\"de_DE\" \/>\n<meta property=\"og:type\" content=\"article\" \/>\n<meta property=\"og:title\" content=\"Senatore Cappelli Hartweizengrie\u00df - Azienda Agricola Apani\" \/>\n<meta property=\"og:description\" content=\"Senatore Cappelli Hartweizengrie\u00df, aus Hartweizen &#8220;Senatore Cappelli&#8221; hergestellt und angebaut in unseren Gebieten der Contrada Apani, an der Nordk\u00fcste von Brindisi. Der Hartweizen Senatore Cappelli ist eine alte Hartweizensorte, die vor allem in S\u00fcditalien angebaut wird. Die Geschichte beginnt Anfang des 20. Jahrhunderts, als der Genetiker Nazareno Strampelli ausgehend von nordafrikanischen K\u00f6rnern eine rustikale Sorte...\" \/>\n<meta property=\"og:url\" content=\"https:\/\/apani.it\/de\/prodotto\/senatore-cappelli-hartweizengries\/\" \/>\n<meta property=\"og:site_name\" content=\"Azienda Agricola Apani\" \/>\n<meta property=\"og:image\" content=\"https:\/\/apani.it\/wp-content\/uploads\/2021\/02\/Farina_Grano_Duro_1Kg.jpg\" \/>\n\t<meta property=\"og:image:width\" content=\"800\" \/>\n\t<meta property=\"og:image:height\" content=\"800\" \/>\n<meta name=\"twitter:card\" content=\"summary_large_image\" \/>\n<meta name=\"twitter:label1\" content=\"Gesch\u00e4tzte Lesezeit\">\n\t<meta name=\"twitter:data1\" content=\"1\u00a0Minute\">\n<script type=\"application\/ld+json\" class=\"yoast-schema-graph\">{\"@context\":\"https:\/\/schema.org\",\"@graph\":[{\"@type\":\"WebSite\",\"@id\":\"https:\/\/apani.it\/#website\",\"url\":\"https:\/\/apani.it\/\",\"name\":\"Azienda Agricola Apani\",\"description\":\"\",\"potentialAction\":[{\"@type\":\"SearchAction\",\"target\":\"https:\/\/apani.it\/?s={search_term_string}\",\"query-input\":\"required name=search_term_string\"}],\"inLanguage\":\"de\"},{\"@type\":\"ImageObject\",\"@id\":\"https:\/\/apani.it\/de\/prodotto\/senatore-cappelli-hartweizengries\/#primaryimage\",\"inLanguage\":\"de\",\"url\":\"https:\/\/apani.it\/wp-content\/uploads\/2021\/02\/Farina_Grano_Duro_1Kg.jpg\",\"width\":800,\"height\":800},{\"@type\":\"WebPage\",\"@id\":\"https:\/\/apani.it\/de\/prodotto\/senatore-cappelli-hartweizengries\/#webpage\",\"url\":\"https:\/\/apani.it\/de\/prodotto\/senatore-cappelli-hartweizengries\/\",\"name\":\"Senatore Cappelli Hartweizengrie\\u00df - Azienda Agricola Apani\",\"isPartOf\":{\"@id\":\"https:\/\/apani.it\/#website\"},\"primaryImageOfPage\":{\"@id\":\"https:\/\/apani.it\/de\/prodotto\/senatore-cappelli-hartweizengries\/#primaryimage\"},\"datePublished\":\"2021-02-18T12:07:53+00:00\",\"dateModified\":\"2021-02-18T12:07:53+00:00\",\"breadcrumb\":{\"@id\":\"https:\/\/apani.it\/de\/prodotto\/senatore-cappelli-hartweizengries\/#breadcrumb\"},\"inLanguage\":\"de\",\"potentialAction\":[{\"@type\":\"ReadAction\",\"target\":[\"https:\/\/apani.it\/de\/prodotto\/senatore-cappelli-hartweizengries\/\"]}]},{\"@type\":\"BreadcrumbList\",\"@id\":\"https:\/\/apani.it\/de\/prodotto\/senatore-cappelli-hartweizengries\/#breadcrumb\",\"itemListElement\":[{\"@type\":\"ListItem\",\"position\":1,\"item\":{\"@type\":\"WebPage\",\"@id\":\"https:\/\/apani.it\/de\/\",\"url\":\"https:\/\/apani.it\/de\/\",\"name\":\"Home\"}},{\"@type\":\"ListItem\",\"position\":2,\"item\":{\"@type\":\"WebPage\",\"@id\":\"https:\/\/apani.it\/de\/shop-de\/\",\"url\":\"https:\/\/apani.it\/de\/shop-de\/\",\"name\":\"Shop\"}},{\"@type\":\"ListItem\",\"position\":3,\"item\":{\"@type\":\"WebPage\",\"@id\":\"https:\/\/apani.it\/de\/prodotto\/senatore-cappelli-hartweizengries\/\",\"url\":\"https:\/\/apani.it\/de\/prodotto\/senatore-cappelli-hartweizengries\/\",\"name\":\"Senatore Cappelli Hartweizengrie\\u00df\"}}]}]}<\/script>\n<!-- \/ Yoast SEO plugin. -->","_links":{"self":[{"href":"https:\/\/apani.it\/de\/wp-json\/wp\/v2\/product\/1637"}],"collection":[{"href":"https:\/\/apani.it\/de\/wp-json\/wp\/v2\/product"}],"about":[{"href":"https:\/\/apani.it\/de\/wp-json\/wp\/v2\/types\/product"}],"wp:featuredmedia":[{"embeddable":true,"href":"https:\/\/apani.it\/de\/wp-json\/wp\/v2\/media\/1515"}],"wp:attachment":[{"href":"https:\/\/apani.it\/de\/wp-json\/wp\/v2\/media?parent=1637"}],"curies":[{"name":"wp","href":"https:\/\/api.w.org\/{rel}","templated":true}]}}