{"id":1638,"date":"2021-02-18T13:06:49","date_gmt":"2021-02-18T12:06:49","guid":{"rendered":"https:\/\/apani.it\/prodotto\/weichweizenmehl-typ-1\/"},"modified":"2021-02-18T13:06:49","modified_gmt":"2021-02-18T12:06:49","slug":"weichweizenmehl-typ-1","status":"publish","type":"product","link":"https:\/\/apani.it\/de\/prodotto\/weichweizenmehl-typ-1\/","title":{"rendered":"Weichweizenmehl Typ 1"},"content":{"rendered":"<p>Mehl Typ 1 aus Weichweizen, der in unseren Gebieten der Contrada Apani, an der Nordk\u00fcste von Brindisi, angebaut und produziert wird.<\/p>\n<p>In diesem Mehl befindet sich eine fein gemahlene Kleie, die die Sauerteigbildung des Brotes verbessert und es mit aromatischen Noten und einzigartigen D\u00fcften bereichert.<\/p>\n<p>Die Kleie ist der Teil des Korns, der am reichsten an Ballaststoffen und Mikron\u00e4hrstoffen wie Vitaminen und Mineralsalzen ist, die f\u00fcr eine ausgewogene Ern\u00e4hrung unerl\u00e4sslich sind. Dieses Mehl des Typs 1 ist eine Ballaststoffquelle, eine Eiwei\u00dfquelle und respektiert die durch die Pr\u00e4sidialverordnung Nr. 187 vom 9. Februar 2001 festgelegte Menge an Mineralsalzen (0,81-0,95).<\/p>\n<p>Weichweizenmehl Typ 1 ist ideal f\u00fcr die Zubereitung aller s\u00fc\u00dfen und herzhaften Rezepte: Brot, Pizza, Focaccia, frische Pasta, Kuchen und Kekse.<\/p>\n<p>Allergene: kann Spuren von Gluten enthalten. Lagerung: an einem k\u00fchlen, trockenen Ort.<\/p>\n","protected":false},"excerpt":{"rendered":"<p>Mehl Typ 1 aus Weichweizen, der in unseren Gebieten der Contrada Apani, an der Nordk\u00fcste von Brindisi, angebaut und produziert wird. In diesem Mehl befindet sich eine fein gemahlene Kleie, die die Sauerteigbildung des Brotes verbessert und es mit aromatischen Noten und einzigartigen D\u00fcften bereichert. Die Kleie ist der Teil des Korns, der am reichsten&#8230;<\/p>\n","protected":false},"featured_media":1516,"template":"","meta":[],"yoast_head":"<!-- This site is optimized with the Yoast SEO plugin v15.9 - https:\/\/yoast.com\/wordpress\/plugins\/seo\/ -->\n<title>Weichweizenmehl Typ 1 - Azienda Agricola Apani<\/title>\n<meta name=\"robots\" content=\"index, follow, max-snippet:-1, max-image-preview:large, max-video-preview:-1\" \/>\n<link rel=\"canonical\" href=\"https:\/\/apani.it\/de\/prodotto\/weichweizenmehl-typ-1\/\" \/>\n<meta property=\"og:locale\" content=\"de_DE\" \/>\n<meta property=\"og:type\" content=\"article\" \/>\n<meta property=\"og:title\" content=\"Weichweizenmehl Typ 1 - Azienda Agricola Apani\" \/>\n<meta property=\"og:description\" content=\"Mehl Typ 1 aus Weichweizen, der in unseren Gebieten der Contrada Apani, an der Nordk\u00fcste von Brindisi, angebaut und produziert wird. In diesem Mehl befindet sich eine fein gemahlene Kleie, die die Sauerteigbildung des Brotes verbessert und es mit aromatischen Noten und einzigartigen D\u00fcften bereichert. Die Kleie ist der Teil des Korns, der am reichsten...\" \/>\n<meta property=\"og:url\" content=\"https:\/\/apani.it\/de\/prodotto\/weichweizenmehl-typ-1\/\" \/>\n<meta property=\"og:site_name\" content=\"Azienda Agricola Apani\" \/>\n<meta property=\"og:image\" content=\"https:\/\/apani.it\/wp-content\/uploads\/2021\/02\/Farina_Grano_Tenero_1Kgi.jpg\" \/>\n\t<meta property=\"og:image:width\" content=\"800\" \/>\n\t<meta property=\"og:image:height\" content=\"800\" \/>\n<meta name=\"twitter:card\" content=\"summary_large_image\" \/>\n<meta name=\"twitter:label1\" content=\"Gesch\u00e4tzte Lesezeit\">\n\t<meta name=\"twitter:data1\" content=\"1\u00a0Minute\">\n<script type=\"application\/ld+json\" class=\"yoast-schema-graph\">{\"@context\":\"https:\/\/schema.org\",\"@graph\":[{\"@type\":\"WebSite\",\"@id\":\"https:\/\/apani.it\/#website\",\"url\":\"https:\/\/apani.it\/\",\"name\":\"Azienda Agricola Apani\",\"description\":\"\",\"potentialAction\":[{\"@type\":\"SearchAction\",\"target\":\"https:\/\/apani.it\/?s={search_term_string}\",\"query-input\":\"required name=search_term_string\"}],\"inLanguage\":\"de\"},{\"@type\":\"ImageObject\",\"@id\":\"https:\/\/apani.it\/de\/prodotto\/weichweizenmehl-typ-1\/#primaryimage\",\"inLanguage\":\"de\",\"url\":\"https:\/\/apani.it\/wp-content\/uploads\/2021\/02\/Farina_Grano_Tenero_1Kgi.jpg\",\"width\":800,\"height\":800},{\"@type\":\"WebPage\",\"@id\":\"https:\/\/apani.it\/de\/prodotto\/weichweizenmehl-typ-1\/#webpage\",\"url\":\"https:\/\/apani.it\/de\/prodotto\/weichweizenmehl-typ-1\/\",\"name\":\"Weichweizenmehl Typ 1 - Azienda Agricola Apani\",\"isPartOf\":{\"@id\":\"https:\/\/apani.it\/#website\"},\"primaryImageOfPage\":{\"@id\":\"https:\/\/apani.it\/de\/prodotto\/weichweizenmehl-typ-1\/#primaryimage\"},\"datePublished\":\"2021-02-18T12:06:49+00:00\",\"dateModified\":\"2021-02-18T12:06:49+00:00\",\"breadcrumb\":{\"@id\":\"https:\/\/apani.it\/de\/prodotto\/weichweizenmehl-typ-1\/#breadcrumb\"},\"inLanguage\":\"de\",\"potentialAction\":[{\"@type\":\"ReadAction\",\"target\":[\"https:\/\/apani.it\/de\/prodotto\/weichweizenmehl-typ-1\/\"]}]},{\"@type\":\"BreadcrumbList\",\"@id\":\"https:\/\/apani.it\/de\/prodotto\/weichweizenmehl-typ-1\/#breadcrumb\",\"itemListElement\":[{\"@type\":\"ListItem\",\"position\":1,\"item\":{\"@type\":\"WebPage\",\"@id\":\"https:\/\/apani.it\/de\/\",\"url\":\"https:\/\/apani.it\/de\/\",\"name\":\"Home\"}},{\"@type\":\"ListItem\",\"position\":2,\"item\":{\"@type\":\"WebPage\",\"@id\":\"https:\/\/apani.it\/de\/shop-de\/\",\"url\":\"https:\/\/apani.it\/de\/shop-de\/\",\"name\":\"Shop\"}},{\"@type\":\"ListItem\",\"position\":3,\"item\":{\"@type\":\"WebPage\",\"@id\":\"https:\/\/apani.it\/de\/prodotto\/weichweizenmehl-typ-1\/\",\"url\":\"https:\/\/apani.it\/de\/prodotto\/weichweizenmehl-typ-1\/\",\"name\":\"Weichweizenmehl Typ 1\"}}]}]}<\/script>\n<!-- \/ Yoast SEO plugin. -->","_links":{"self":[{"href":"https:\/\/apani.it\/de\/wp-json\/wp\/v2\/product\/1638"}],"collection":[{"href":"https:\/\/apani.it\/de\/wp-json\/wp\/v2\/product"}],"about":[{"href":"https:\/\/apani.it\/de\/wp-json\/wp\/v2\/types\/product"}],"wp:featuredmedia":[{"embeddable":true,"href":"https:\/\/apani.it\/de\/wp-json\/wp\/v2\/media\/1516"}],"wp:attachment":[{"href":"https:\/\/apani.it\/de\/wp-json\/wp\/v2\/media?parent=1638"}],"curies":[{"name":"wp","href":"https:\/\/api.w.org\/{rel}","templated":true}]}}