{"id":1640,"date":"2021-02-18T13:03:46","date_gmt":"2021-02-18T12:03:46","guid":{"rendered":"https:\/\/apani.it\/prodotto\/bohnen\/"},"modified":"2021-02-18T13:03:46","modified_gmt":"2021-02-18T12:03:46","slug":"bohnen","status":"publish","type":"product","link":"https:\/\/apani.it\/de\/prodotto\/bohnen\/","title":{"rendered":"Bohnen"},"content":{"rendered":"","protected":false},"excerpt":{"rendered":"<p>Getrocknete Bohnen, produziert und kultiviert in unseren Territorien von Contrada Apani, an der Nordk\u00fcste von Brindisi.<\/p>\n<p>Bohnen sind eine H\u00fclsenfrucht, die auf der ganzen Welt sehr beliebt ist und wegen ihres hervorragenden N\u00e4hrwerts sehr gesch\u00e4tzt wird.<br \/>\nSie sind reich an Proteinen und Kohlenhydraten und k\u00f6nnen in vielen leckeren Rezepten verwendet werden.<\/p>\n<p>Aus ern\u00e4hrungsphysiologischer Sicht sind sie eine wertvolle Quelle f\u00fcr Kohlenhydrate und Proteine, aber auch Mineralien und Vitamine wie Kalium, Fols\u00e4ure, Magnesium, die Liste der in Bohnen enthaltenen Mineralien und wertvollen Elemente ist wirklich lang, Bohnen sind eine echte Ressource f\u00fcr unseren K\u00f6rper, aber vor allem f\u00fcr unseren Gaumen.<\/p>\n<p>Aufbewahrung: an einem k\u00fchlen, trockenen Ort.<\/p>\n","protected":false},"featured_media":1512,"template":"","meta":[],"yoast_head":"<!-- This site is optimized with the Yoast SEO plugin v15.9 - https:\/\/yoast.com\/wordpress\/plugins\/seo\/ -->\n<title>Bohnen - Azienda Agricola Apani<\/title>\n<meta name=\"robots\" content=\"index, follow, max-snippet:-1, max-image-preview:large, max-video-preview:-1\" \/>\n<link rel=\"canonical\" href=\"https:\/\/apani.it\/de\/prodotto\/bohnen\/\" \/>\n<meta property=\"og:locale\" content=\"de_DE\" \/>\n<meta property=\"og:type\" content=\"article\" \/>\n<meta property=\"og:title\" content=\"Bohnen - Azienda Agricola Apani\" \/>\n<meta property=\"og:description\" content=\"Getrocknete Bohnen, produziert und kultiviert in unseren Territorien von Contrada Apani, an der Nordk\u00fcste von Brindisi.    Bohnen sind eine H\u00fclsenfrucht, die auf der ganzen Welt sehr beliebt ist und wegen ihres hervorragenden N\u00e4hrwerts sehr gesch\u00e4tzt wird. Sie sind reich an Proteinen und Kohlenhydraten und k\u00f6nnen in vielen leckeren Rezepten verwendet werden.  Aus ern\u00e4hrungsphysiologischer Sicht sind sie eine wertvolle Quelle f\u00fcr Kohlenhydrate und Proteine, aber auch Mineralien und Vitamine wie Kalium, Fols\u00e4ure, Magnesium, die Liste der in Bohnen enthaltenen Mineralien und wertvollen Elemente ist wirklich lang, Bohnen sind eine echte Ressource f\u00fcr unseren K\u00f6rper, aber vor allem f\u00fcr unseren Gaumen.  Aufbewahrung: an einem k\u00fchlen, trockenen Ort.\" \/>\n<meta property=\"og:url\" content=\"https:\/\/apani.it\/de\/prodotto\/bohnen\/\" \/>\n<meta property=\"og:site_name\" content=\"Azienda Agricola Apani\" \/>\n<meta property=\"og:image\" content=\"https:\/\/apani.it\/wp-content\/uploads\/2021\/02\/Fagioli.jpg\" \/>\n\t<meta property=\"og:image:width\" content=\"800\" \/>\n\t<meta property=\"og:image:height\" content=\"800\" \/>\n<meta name=\"twitter:card\" content=\"summary_large_image\" \/>\n<script type=\"application\/ld+json\" class=\"yoast-schema-graph\">{\"@context\":\"https:\/\/schema.org\",\"@graph\":[{\"@type\":\"WebSite\",\"@id\":\"https:\/\/apani.it\/#website\",\"url\":\"https:\/\/apani.it\/\",\"name\":\"Azienda Agricola Apani\",\"description\":\"\",\"potentialAction\":[{\"@type\":\"SearchAction\",\"target\":\"https:\/\/apani.it\/?s={search_term_string}\",\"query-input\":\"required name=search_term_string\"}],\"inLanguage\":\"de\"},{\"@type\":\"ImageObject\",\"@id\":\"https:\/\/apani.it\/de\/prodotto\/bohnen\/#primaryimage\",\"inLanguage\":\"de\",\"url\":\"https:\/\/apani.it\/wp-content\/uploads\/2021\/02\/Fagioli.jpg\",\"width\":800,\"height\":800},{\"@type\":\"WebPage\",\"@id\":\"https:\/\/apani.it\/de\/prodotto\/bohnen\/#webpage\",\"url\":\"https:\/\/apani.it\/de\/prodotto\/bohnen\/\",\"name\":\"Bohnen - Azienda Agricola Apani\",\"isPartOf\":{\"@id\":\"https:\/\/apani.it\/#website\"},\"primaryImageOfPage\":{\"@id\":\"https:\/\/apani.it\/de\/prodotto\/bohnen\/#primaryimage\"},\"datePublished\":\"2021-02-18T12:03:46+00:00\",\"dateModified\":\"2021-02-18T12:03:46+00:00\",\"breadcrumb\":{\"@id\":\"https:\/\/apani.it\/de\/prodotto\/bohnen\/#breadcrumb\"},\"inLanguage\":\"de\",\"potentialAction\":[{\"@type\":\"ReadAction\",\"target\":[\"https:\/\/apani.it\/de\/prodotto\/bohnen\/\"]}]},{\"@type\":\"BreadcrumbList\",\"@id\":\"https:\/\/apani.it\/de\/prodotto\/bohnen\/#breadcrumb\",\"itemListElement\":[{\"@type\":\"ListItem\",\"position\":1,\"item\":{\"@type\":\"WebPage\",\"@id\":\"https:\/\/apani.it\/de\/\",\"url\":\"https:\/\/apani.it\/de\/\",\"name\":\"Home\"}},{\"@type\":\"ListItem\",\"position\":2,\"item\":{\"@type\":\"WebPage\",\"@id\":\"https:\/\/apani.it\/de\/shop-de\/\",\"url\":\"https:\/\/apani.it\/de\/shop-de\/\",\"name\":\"Shop\"}},{\"@type\":\"ListItem\",\"position\":3,\"item\":{\"@type\":\"WebPage\",\"@id\":\"https:\/\/apani.it\/de\/prodotto\/bohnen\/\",\"url\":\"https:\/\/apani.it\/de\/prodotto\/bohnen\/\",\"name\":\"Bohnen\"}}]}]}<\/script>\n<!-- \/ Yoast SEO plugin. -->","_links":{"self":[{"href":"https:\/\/apani.it\/de\/wp-json\/wp\/v2\/product\/1640"}],"collection":[{"href":"https:\/\/apani.it\/de\/wp-json\/wp\/v2\/product"}],"about":[{"href":"https:\/\/apani.it\/de\/wp-json\/wp\/v2\/types\/product"}],"wp:featuredmedia":[{"embeddable":true,"href":"https:\/\/apani.it\/de\/wp-json\/wp\/v2\/media\/1512"}],"wp:attachment":[{"href":"https:\/\/apani.it\/de\/wp-json\/wp\/v2\/media?parent=1640"}],"curies":[{"name":"wp","href":"https:\/\/api.w.org\/{rel}","templated":true}]}}