{"id":1641,"date":"2021-02-16T15:03:38","date_gmt":"2021-02-16T14:03:38","guid":{"rendered":"https:\/\/apani.it\/prodotto\/linsen\/"},"modified":"2021-02-16T15:03:38","modified_gmt":"2021-02-16T14:03:38","slug":"linsen","status":"publish","type":"product","link":"https:\/\/apani.it\/de\/prodotto\/linsen\/","title":{"rendered":"Linsen"},"content":{"rendered":"<p>Getrocknete Linsen, produziert und angebaut in unseren Gebieten von Contrada Apani, an der Nordk\u00fcste von Brindisi.<\/p>\n<p>Die Linsen sind kleine k\u00f6stliche H\u00fclsenfr\u00fcchte, die nach den Kriterien der integrierten Landwirtschaft angebaut werden, das Ergebnis ist ein typisches lokales Produkt, gut und gesund, ideal f\u00fcr die ganze Familie, auch eignen sich, um das Leben zu geben, viele leckere Rezepte.<\/p>\n<p>Ern\u00e4hrungswissenschaftler empfehlen den Verzehr von Linsen mindestens einmal pro Woche, aufgrund ihres ausgezeichneten N\u00e4hrwertes, sie sind reich an Phosphor und Kalium, aber auch an Ballaststoffen: deshalb beg\u00fcnstigen sie die gute Leistung der kognitiven und intestinalen Funktionen, und nicht nur: da sie &#8220;pflanzliche Proteine&#8221; sind, helfen Linsen bei der Bildung einer guten Muskelmasse, ohne den K\u00f6rper mit Cholesterin oder ges\u00e4ttigten Fetten zu belasten.<\/p>\n<p>Aufbewahrung: an einem k\u00fchlen, trockenen Ort.<\/p>\n","protected":false},"excerpt":{"rendered":"<p>Getrocknete Linsen, produziert und angebaut in unseren Gebieten von Contrada Apani, an der Nordk\u00fcste von Brindisi. Die Linsen sind kleine k\u00f6stliche H\u00fclsenfr\u00fcchte, die nach den Kriterien der integrierten Landwirtschaft angebaut werden, das Ergebnis ist ein typisches lokales Produkt, gut und gesund, ideal f\u00fcr die ganze Familie, auch eignen sich, um das Leben zu geben, viele&#8230;<\/p>\n","protected":false},"featured_media":1517,"template":"","meta":[],"yoast_head":"<!-- This site is optimized with the Yoast SEO plugin v15.9 - https:\/\/yoast.com\/wordpress\/plugins\/seo\/ -->\n<title>Linsen - Azienda Agricola Apani<\/title>\n<meta name=\"robots\" content=\"index, follow, max-snippet:-1, max-image-preview:large, max-video-preview:-1\" \/>\n<link rel=\"canonical\" href=\"https:\/\/apani.it\/de\/prodotto\/linsen\/\" \/>\n<meta property=\"og:locale\" content=\"de_DE\" \/>\n<meta property=\"og:type\" content=\"article\" \/>\n<meta property=\"og:title\" content=\"Linsen - Azienda Agricola Apani\" \/>\n<meta property=\"og:description\" content=\"Getrocknete Linsen, produziert und angebaut in unseren Gebieten von Contrada Apani, an der Nordk\u00fcste von Brindisi. Die Linsen sind kleine k\u00f6stliche H\u00fclsenfr\u00fcchte, die nach den Kriterien der integrierten Landwirtschaft angebaut werden, das Ergebnis ist ein typisches lokales Produkt, gut und gesund, ideal f\u00fcr die ganze Familie, auch eignen sich, um das Leben zu geben, viele...\" \/>\n<meta property=\"og:url\" content=\"https:\/\/apani.it\/de\/prodotto\/linsen\/\" \/>\n<meta property=\"og:site_name\" content=\"Azienda Agricola Apani\" \/>\n<meta property=\"og:image\" content=\"https:\/\/apani.it\/wp-content\/uploads\/2021\/02\/Lenticchie.jpg\" \/>\n\t<meta property=\"og:image:width\" content=\"800\" \/>\n\t<meta property=\"og:image:height\" content=\"800\" \/>\n<meta name=\"twitter:card\" content=\"summary_large_image\" \/>\n<meta name=\"twitter:label1\" content=\"Gesch\u00e4tzte Lesezeit\">\n\t<meta name=\"twitter:data1\" content=\"1\u00a0Minute\">\n<script type=\"application\/ld+json\" class=\"yoast-schema-graph\">{\"@context\":\"https:\/\/schema.org\",\"@graph\":[{\"@type\":\"WebSite\",\"@id\":\"https:\/\/apani.it\/#website\",\"url\":\"https:\/\/apani.it\/\",\"name\":\"Azienda Agricola Apani\",\"description\":\"\",\"potentialAction\":[{\"@type\":\"SearchAction\",\"target\":\"https:\/\/apani.it\/?s={search_term_string}\",\"query-input\":\"required name=search_term_string\"}],\"inLanguage\":\"de\"},{\"@type\":\"ImageObject\",\"@id\":\"https:\/\/apani.it\/de\/prodotto\/linsen\/#primaryimage\",\"inLanguage\":\"de\",\"url\":\"https:\/\/apani.it\/wp-content\/uploads\/2021\/02\/Lenticchie.jpg\",\"width\":800,\"height\":800},{\"@type\":\"WebPage\",\"@id\":\"https:\/\/apani.it\/de\/prodotto\/linsen\/#webpage\",\"url\":\"https:\/\/apani.it\/de\/prodotto\/linsen\/\",\"name\":\"Linsen - Azienda Agricola Apani\",\"isPartOf\":{\"@id\":\"https:\/\/apani.it\/#website\"},\"primaryImageOfPage\":{\"@id\":\"https:\/\/apani.it\/de\/prodotto\/linsen\/#primaryimage\"},\"datePublished\":\"2021-02-16T14:03:38+00:00\",\"dateModified\":\"2021-02-16T14:03:38+00:00\",\"breadcrumb\":{\"@id\":\"https:\/\/apani.it\/de\/prodotto\/linsen\/#breadcrumb\"},\"inLanguage\":\"de\",\"potentialAction\":[{\"@type\":\"ReadAction\",\"target\":[\"https:\/\/apani.it\/de\/prodotto\/linsen\/\"]}]},{\"@type\":\"BreadcrumbList\",\"@id\":\"https:\/\/apani.it\/de\/prodotto\/linsen\/#breadcrumb\",\"itemListElement\":[{\"@type\":\"ListItem\",\"position\":1,\"item\":{\"@type\":\"WebPage\",\"@id\":\"https:\/\/apani.it\/de\/\",\"url\":\"https:\/\/apani.it\/de\/\",\"name\":\"Home\"}},{\"@type\":\"ListItem\",\"position\":2,\"item\":{\"@type\":\"WebPage\",\"@id\":\"https:\/\/apani.it\/de\/shop-de\/\",\"url\":\"https:\/\/apani.it\/de\/shop-de\/\",\"name\":\"Shop\"}},{\"@type\":\"ListItem\",\"position\":3,\"item\":{\"@type\":\"WebPage\",\"@id\":\"https:\/\/apani.it\/de\/prodotto\/linsen\/\",\"url\":\"https:\/\/apani.it\/de\/prodotto\/linsen\/\",\"name\":\"Linsen\"}}]}]}<\/script>\n<!-- \/ Yoast SEO plugin. -->","_links":{"self":[{"href":"https:\/\/apani.it\/de\/wp-json\/wp\/v2\/product\/1641"}],"collection":[{"href":"https:\/\/apani.it\/de\/wp-json\/wp\/v2\/product"}],"about":[{"href":"https:\/\/apani.it\/de\/wp-json\/wp\/v2\/types\/product"}],"wp:featuredmedia":[{"embeddable":true,"href":"https:\/\/apani.it\/de\/wp-json\/wp\/v2\/media\/1517"}],"wp:attachment":[{"href":"https:\/\/apani.it\/de\/wp-json\/wp\/v2\/media?parent=1641"}],"curies":[{"name":"wp","href":"https:\/\/api.w.org\/{rel}","templated":true}]}}