{"id":1643,"date":"2021-02-18T13:22:12","date_gmt":"2021-02-18T12:22:12","guid":{"rendered":"https:\/\/apani.it\/prodotto\/orecchiette\/"},"modified":"2021-05-04T14:43:18","modified_gmt":"2021-05-04T13:43:18","slug":"orecchiette","status":"publish","type":"product","link":"https:\/\/apani.it\/de\/prodotto\/orecchiette\/","title":{"rendered":"Orecchiette"},"content":{"rendered":"<p>Typische apulische Orecchiette, hergestellt aus Hartweizengrie\u00df, der in unseren Gebieten der Contrada Apani, an der Nordk\u00fcste von Brindisi, angebaut wird.<\/p>\n<p>Zutaten: Hartweizengrie\u00df.<\/p>\n<p>Garzeit ca. 17 Minuten.<\/p>\n<p>Allergene: enth\u00e4lt Gluten, kann Spuren von Soja enthalten.<\/p>\n<p>K\u00fchl und trocken lagern, Luftfeuchtigkeit 12,5%.<\/p>\n","protected":false},"excerpt":{"rendered":"<p>Typische apulische Orecchiette, hergestellt aus Hartweizengrie\u00df, der in unseren Gebieten der Contrada Apani, an der Nordk\u00fcste von Brindisi, angebaut wird. Zutaten: Hartweizengrie\u00df. Garzeit ca. 17 Minuten. Allergene: enth\u00e4lt Gluten, kann Spuren von Soja enthalten. K\u00fchl und trocken lagern, Luftfeuchtigkeit 12,5%.<\/p>\n","protected":false},"featured_media":1519,"template":"","meta":[],"yoast_head":"<!-- This site is optimized with the Yoast SEO plugin v15.9 - https:\/\/yoast.com\/wordpress\/plugins\/seo\/ -->\n<title>Orecchiette - Azienda Agricola Apani<\/title>\n<meta name=\"robots\" content=\"index, follow, max-snippet:-1, max-image-preview:large, max-video-preview:-1\" \/>\n<link rel=\"canonical\" href=\"https:\/\/apani.it\/de\/prodotto\/orecchiette\/\" \/>\n<meta property=\"og:locale\" content=\"de_DE\" \/>\n<meta property=\"og:type\" content=\"article\" \/>\n<meta property=\"og:title\" content=\"Orecchiette - Azienda Agricola Apani\" \/>\n<meta property=\"og:description\" content=\"Typische apulische Orecchiette, hergestellt aus Hartweizengrie\u00df, der in unseren Gebieten der Contrada Apani, an der Nordk\u00fcste von Brindisi, angebaut wird. Zutaten: Hartweizengrie\u00df. Garzeit ca. 17 Minuten. Allergene: enth\u00e4lt Gluten, kann Spuren von Soja enthalten. K\u00fchl und trocken lagern, Luftfeuchtigkeit 12,5%.\" \/>\n<meta property=\"og:url\" content=\"https:\/\/apani.it\/de\/prodotto\/orecchiette\/\" \/>\n<meta property=\"og:site_name\" content=\"Azienda Agricola Apani\" \/>\n<meta property=\"article:modified_time\" content=\"2021-05-04T13:43:18+00:00\" \/>\n<meta property=\"og:image\" content=\"https:\/\/apani.it\/wp-content\/uploads\/2021\/02\/Orecchiette_500g.jpg\" \/>\n\t<meta property=\"og:image:width\" content=\"800\" \/>\n\t<meta property=\"og:image:height\" content=\"800\" \/>\n<meta name=\"twitter:card\" content=\"summary_large_image\" \/>\n<script type=\"application\/ld+json\" class=\"yoast-schema-graph\">{\"@context\":\"https:\/\/schema.org\",\"@graph\":[{\"@type\":\"WebSite\",\"@id\":\"https:\/\/apani.it\/#website\",\"url\":\"https:\/\/apani.it\/\",\"name\":\"Azienda Agricola Apani\",\"description\":\"\",\"potentialAction\":[{\"@type\":\"SearchAction\",\"target\":\"https:\/\/apani.it\/?s={search_term_string}\",\"query-input\":\"required name=search_term_string\"}],\"inLanguage\":\"de\"},{\"@type\":\"ImageObject\",\"@id\":\"https:\/\/apani.it\/de\/prodotto\/orecchiette\/#primaryimage\",\"inLanguage\":\"de\",\"url\":\"https:\/\/apani.it\/wp-content\/uploads\/2021\/02\/Orecchiette_500g.jpg\",\"width\":800,\"height\":800},{\"@type\":\"WebPage\",\"@id\":\"https:\/\/apani.it\/de\/prodotto\/orecchiette\/#webpage\",\"url\":\"https:\/\/apani.it\/de\/prodotto\/orecchiette\/\",\"name\":\"Orecchiette - Azienda Agricola Apani\",\"isPartOf\":{\"@id\":\"https:\/\/apani.it\/#website\"},\"primaryImageOfPage\":{\"@id\":\"https:\/\/apani.it\/de\/prodotto\/orecchiette\/#primaryimage\"},\"datePublished\":\"2021-02-18T12:22:12+00:00\",\"dateModified\":\"2021-05-04T13:43:18+00:00\",\"breadcrumb\":{\"@id\":\"https:\/\/apani.it\/de\/prodotto\/orecchiette\/#breadcrumb\"},\"inLanguage\":\"de\",\"potentialAction\":[{\"@type\":\"ReadAction\",\"target\":[\"https:\/\/apani.it\/de\/prodotto\/orecchiette\/\"]}]},{\"@type\":\"BreadcrumbList\",\"@id\":\"https:\/\/apani.it\/de\/prodotto\/orecchiette\/#breadcrumb\",\"itemListElement\":[{\"@type\":\"ListItem\",\"position\":1,\"item\":{\"@type\":\"WebPage\",\"@id\":\"https:\/\/apani.it\/de\/\",\"url\":\"https:\/\/apani.it\/de\/\",\"name\":\"Home\"}},{\"@type\":\"ListItem\",\"position\":2,\"item\":{\"@type\":\"WebPage\",\"@id\":\"https:\/\/apani.it\/de\/shop-de\/\",\"url\":\"https:\/\/apani.it\/de\/shop-de\/\",\"name\":\"Shop\"}},{\"@type\":\"ListItem\",\"position\":3,\"item\":{\"@type\":\"WebPage\",\"@id\":\"https:\/\/apani.it\/de\/prodotto\/orecchiette\/\",\"url\":\"https:\/\/apani.it\/de\/prodotto\/orecchiette\/\",\"name\":\"Orecchiette\"}}]}]}<\/script>\n<!-- \/ Yoast SEO plugin. -->","_links":{"self":[{"href":"https:\/\/apani.it\/de\/wp-json\/wp\/v2\/product\/1643"}],"collection":[{"href":"https:\/\/apani.it\/de\/wp-json\/wp\/v2\/product"}],"about":[{"href":"https:\/\/apani.it\/de\/wp-json\/wp\/v2\/types\/product"}],"wp:featuredmedia":[{"embeddable":true,"href":"https:\/\/apani.it\/de\/wp-json\/wp\/v2\/media\/1519"}],"wp:attachment":[{"href":"https:\/\/apani.it\/de\/wp-json\/wp\/v2\/media?parent=1643"}],"curies":[{"name":"wp","href":"https:\/\/api.w.org\/{rel}","templated":true}]}}