{"id":1646,"date":"2021-02-18T13:36:10","date_gmt":"2021-02-18T12:36:10","guid":{"rendered":"https:\/\/apani.it\/prodotto\/artischocken-sauce\/"},"modified":"2021-02-18T13:36:10","modified_gmt":"2021-02-18T12:36:10","slug":"artischocken-sauce","status":"publish","type":"product","link":"https:\/\/apani.it\/de\/prodotto\/artischocken-sauce\/","title":{"rendered":"Artischocken-Sauce"},"content":{"rendered":"<p>Die Artischockensauce ist eine typisch apulische Salsa. Hergestellt aus Artischocken, die in unserem Gebiet Contrada Apani, an der Nordk\u00fcste von Brindisi, angebaut werden.<\/p>\n<p>Zutaten: Artischocken 72%, natives Oliven\u00f6l extra, Zitronensaft, Salz, Petersilie, Knoblauch, Pfeffer.<\/p>\n<p>N\u00e4hrwerte pro 100 g Produkt: Energiewert kcal 269 (kj1125), Fett 27,2 g (davon ges\u00e4ttigt 3,9 g), Kohlenhydrate 2 g (davon Zucker 1,5 g), Ballaststoffe 4,2 g, Eiwei\u00df 2 g, Salz 0,9 g.<\/p>\n<p>Nettogewicht 275 g.<\/p>\n<p>K\u00fchl, trocken, vor W\u00e4rmequellen und direkter Sonneneinstrahlung gesch\u00fctzt lagern; ge\u00f6ffnet im K\u00fchlschrank (0\/+4\u00b0) aufbewahren und innerhalb von 4\/5 Tagen verbrauchen.<\/p>\n","protected":false},"excerpt":{"rendered":"<p>Die Artischockensauce ist eine typisch apulische Salsa. Hergestellt aus Artischocken, die in unserem Gebiet Contrada Apani, an der Nordk\u00fcste von Brindisi, angebaut werden. Zutaten: Artischocken 72%, natives Oliven\u00f6l extra, Zitronensaft, Salz, Petersilie, Knoblauch, Pfeffer. N\u00e4hrwerte pro 100 g Produkt: Energiewert kcal 269 (kj1125), Fett 27,2 g (davon ges\u00e4ttigt 3,9 g), Kohlenhydrate 2 g (davon Zucker&#8230;<\/p>\n","protected":false},"featured_media":1510,"template":"","meta":[],"yoast_head":"<!-- This site is optimized with the Yoast SEO plugin v15.9 - https:\/\/yoast.com\/wordpress\/plugins\/seo\/ -->\n<title>Artischocken-Sauce - Azienda Agricola Apani<\/title>\n<meta name=\"robots\" content=\"index, follow, max-snippet:-1, max-image-preview:large, max-video-preview:-1\" \/>\n<link rel=\"canonical\" href=\"https:\/\/apani.it\/de\/prodotto\/artischocken-sauce\/\" \/>\n<meta property=\"og:locale\" content=\"de_DE\" \/>\n<meta property=\"og:type\" content=\"article\" \/>\n<meta property=\"og:title\" content=\"Artischocken-Sauce - Azienda Agricola Apani\" \/>\n<meta property=\"og:description\" content=\"Die Artischockensauce ist eine typisch apulische Salsa. Hergestellt aus Artischocken, die in unserem Gebiet Contrada Apani, an der Nordk\u00fcste von Brindisi, angebaut werden. Zutaten: Artischocken 72%, natives Oliven\u00f6l extra, Zitronensaft, Salz, Petersilie, Knoblauch, Pfeffer. N\u00e4hrwerte pro 100 g Produkt: Energiewert kcal 269 (kj1125), Fett 27,2 g (davon ges\u00e4ttigt 3,9 g), Kohlenhydrate 2 g (davon Zucker...\" \/>\n<meta property=\"og:url\" content=\"https:\/\/apani.it\/de\/prodotto\/artischocken-sauce\/\" \/>\n<meta property=\"og:site_name\" content=\"Azienda Agricola Apani\" \/>\n<meta property=\"og:image\" content=\"https:\/\/apani.it\/wp-content\/uploads\/2021\/02\/Crema_Carciofi.jpg\" \/>\n\t<meta property=\"og:image:width\" content=\"800\" \/>\n\t<meta property=\"og:image:height\" content=\"800\" \/>\n<meta name=\"twitter:card\" content=\"summary_large_image\" \/>\n<script type=\"application\/ld+json\" class=\"yoast-schema-graph\">{\"@context\":\"https:\/\/schema.org\",\"@graph\":[{\"@type\":\"WebSite\",\"@id\":\"https:\/\/apani.it\/#website\",\"url\":\"https:\/\/apani.it\/\",\"name\":\"Azienda Agricola Apani\",\"description\":\"\",\"potentialAction\":[{\"@type\":\"SearchAction\",\"target\":\"https:\/\/apani.it\/?s={search_term_string}\",\"query-input\":\"required name=search_term_string\"}],\"inLanguage\":\"de\"},{\"@type\":\"ImageObject\",\"@id\":\"https:\/\/apani.it\/de\/prodotto\/artischocken-sauce\/#primaryimage\",\"inLanguage\":\"de\",\"url\":\"https:\/\/apani.it\/wp-content\/uploads\/2021\/02\/Crema_Carciofi.jpg\",\"width\":800,\"height\":800},{\"@type\":\"WebPage\",\"@id\":\"https:\/\/apani.it\/de\/prodotto\/artischocken-sauce\/#webpage\",\"url\":\"https:\/\/apani.it\/de\/prodotto\/artischocken-sauce\/\",\"name\":\"Artischocken-Sauce - Azienda Agricola Apani\",\"isPartOf\":{\"@id\":\"https:\/\/apani.it\/#website\"},\"primaryImageOfPage\":{\"@id\":\"https:\/\/apani.it\/de\/prodotto\/artischocken-sauce\/#primaryimage\"},\"datePublished\":\"2021-02-18T12:36:10+00:00\",\"dateModified\":\"2021-02-18T12:36:10+00:00\",\"breadcrumb\":{\"@id\":\"https:\/\/apani.it\/de\/prodotto\/artischocken-sauce\/#breadcrumb\"},\"inLanguage\":\"de\",\"potentialAction\":[{\"@type\":\"ReadAction\",\"target\":[\"https:\/\/apani.it\/de\/prodotto\/artischocken-sauce\/\"]}]},{\"@type\":\"BreadcrumbList\",\"@id\":\"https:\/\/apani.it\/de\/prodotto\/artischocken-sauce\/#breadcrumb\",\"itemListElement\":[{\"@type\":\"ListItem\",\"position\":1,\"item\":{\"@type\":\"WebPage\",\"@id\":\"https:\/\/apani.it\/de\/\",\"url\":\"https:\/\/apani.it\/de\/\",\"name\":\"Home\"}},{\"@type\":\"ListItem\",\"position\":2,\"item\":{\"@type\":\"WebPage\",\"@id\":\"https:\/\/apani.it\/de\/shop-de\/\",\"url\":\"https:\/\/apani.it\/de\/shop-de\/\",\"name\":\"Shop\"}},{\"@type\":\"ListItem\",\"position\":3,\"item\":{\"@type\":\"WebPage\",\"@id\":\"https:\/\/apani.it\/de\/prodotto\/artischocken-sauce\/\",\"url\":\"https:\/\/apani.it\/de\/prodotto\/artischocken-sauce\/\",\"name\":\"Artischocken-Sauce\"}}]}]}<\/script>\n<!-- \/ Yoast SEO plugin. -->","_links":{"self":[{"href":"https:\/\/apani.it\/de\/wp-json\/wp\/v2\/product\/1646"}],"collection":[{"href":"https:\/\/apani.it\/de\/wp-json\/wp\/v2\/product"}],"about":[{"href":"https:\/\/apani.it\/de\/wp-json\/wp\/v2\/types\/product"}],"wp:featuredmedia":[{"embeddable":true,"href":"https:\/\/apani.it\/de\/wp-json\/wp\/v2\/media\/1510"}],"wp:attachment":[{"href":"https:\/\/apani.it\/de\/wp-json\/wp\/v2\/media?parent=1646"}],"curies":[{"name":"wp","href":"https:\/\/api.w.org\/{rel}","templated":true}]}}