{"id":1648,"date":"2021-02-18T13:38:02","date_gmt":"2021-02-18T12:38:02","guid":{"rendered":"https:\/\/apani.it\/prodotto\/cremige-grune-paprika\/"},"modified":"2021-02-18T13:38:02","modified_gmt":"2021-02-18T12:38:02","slug":"cremige-grune-paprika","status":"publish","type":"product","link":"https:\/\/apani.it\/de\/prodotto\/cremige-grune-paprika\/","title":{"rendered":"Cremige gr\u00fcne Paprika"},"content":{"rendered":"<p>Die Creme aus gr\u00fcnem Paprika ist eine typisch apulische Salsa. Hergestellt aus Paprika, die in unseren Gebieten der Contrada Apani, an der Nordk\u00fcste von Brindisi, angebaut werden.<\/p>\n<p>Zutaten: Paprika 90%, natives Oliven\u00f6l extra, Weinessig (enth\u00e4lt Sulfite), Petersilie, Pfeffer, Knoblauch.<\/p>\n<p>N\u00e4hrwerte pro 100 g Produkt: Energiewert kcal 152 (kj636), Fett 13,5 g (davon ges\u00e4ttigt 1,9 g), Kohlenhydrate 5,5 g (davon Zucker 5,5 g), Ballaststoffe 2,5 g, Eiwei\u00df 1,2 g, Salz 0,02 g.<\/p>\n<p>Nettogewicht 275 g.<\/p>\n<p>K\u00fchl, trocken, vor W\u00e4rmequellen und direkter Sonneneinstrahlung gesch\u00fctzt lagern; ge\u00f6ffnet im K\u00fchlschrank (0\/+4\u00b0) aufbewahren und innerhalb von 4\/5 Tagen verbrauchen.<\/p>\n","protected":false},"excerpt":{"rendered":"<p>Die Creme aus gr\u00fcnem Paprika ist eine typisch apulische Salsa. Hergestellt aus Paprika, die in unseren Gebieten der Contrada Apani, an der Nordk\u00fcste von Brindisi, angebaut werden. Zutaten: Paprika 90%, natives Oliven\u00f6l extra, Weinessig (enth\u00e4lt Sulfite), Petersilie, Pfeffer, Knoblauch. N\u00e4hrwerte pro 100 g Produkt: Energiewert kcal 152 (kj636), Fett 13,5 g (davon ges\u00e4ttigt 1,9 g),&#8230;<\/p>\n","protected":false},"featured_media":1511,"template":"","meta":[],"yoast_head":"<!-- This site is optimized with the Yoast SEO plugin v15.9 - https:\/\/yoast.com\/wordpress\/plugins\/seo\/ -->\n<title>Cremige gr\u00fcne Paprika - Azienda Agricola Apani<\/title>\n<meta name=\"robots\" content=\"index, follow, max-snippet:-1, max-image-preview:large, max-video-preview:-1\" \/>\n<link rel=\"canonical\" href=\"https:\/\/apani.it\/de\/prodotto\/cremige-grune-paprika\/\" \/>\n<meta property=\"og:locale\" content=\"de_DE\" \/>\n<meta property=\"og:type\" content=\"article\" \/>\n<meta property=\"og:title\" content=\"Cremige gr\u00fcne Paprika - Azienda Agricola Apani\" \/>\n<meta property=\"og:description\" content=\"Die Creme aus gr\u00fcnem Paprika ist eine typisch apulische Salsa. Hergestellt aus Paprika, die in unseren Gebieten der Contrada Apani, an der Nordk\u00fcste von Brindisi, angebaut werden. Zutaten: Paprika 90%, natives Oliven\u00f6l extra, Weinessig (enth\u00e4lt Sulfite), Petersilie, Pfeffer, Knoblauch. N\u00e4hrwerte pro 100 g Produkt: Energiewert kcal 152 (kj636), Fett 13,5 g (davon ges\u00e4ttigt 1,9 g),...\" \/>\n<meta property=\"og:url\" content=\"https:\/\/apani.it\/de\/prodotto\/cremige-grune-paprika\/\" \/>\n<meta property=\"og:site_name\" content=\"Azienda Agricola Apani\" \/>\n<meta property=\"og:image\" content=\"https:\/\/apani.it\/wp-content\/uploads\/2021\/02\/Crema_Peperoni_Verdi.jpg\" \/>\n\t<meta property=\"og:image:width\" content=\"800\" \/>\n\t<meta property=\"og:image:height\" content=\"800\" \/>\n<meta name=\"twitter:card\" content=\"summary_large_image\" \/>\n<script type=\"application\/ld+json\" class=\"yoast-schema-graph\">{\"@context\":\"https:\/\/schema.org\",\"@graph\":[{\"@type\":\"WebSite\",\"@id\":\"https:\/\/apani.it\/#website\",\"url\":\"https:\/\/apani.it\/\",\"name\":\"Azienda Agricola Apani\",\"description\":\"\",\"potentialAction\":[{\"@type\":\"SearchAction\",\"target\":\"https:\/\/apani.it\/?s={search_term_string}\",\"query-input\":\"required name=search_term_string\"}],\"inLanguage\":\"de\"},{\"@type\":\"ImageObject\",\"@id\":\"https:\/\/apani.it\/de\/prodotto\/cremige-grune-paprika\/#primaryimage\",\"inLanguage\":\"de\",\"url\":\"https:\/\/apani.it\/wp-content\/uploads\/2021\/02\/Crema_Peperoni_Verdi.jpg\",\"width\":800,\"height\":800},{\"@type\":\"WebPage\",\"@id\":\"https:\/\/apani.it\/de\/prodotto\/cremige-grune-paprika\/#webpage\",\"url\":\"https:\/\/apani.it\/de\/prodotto\/cremige-grune-paprika\/\",\"name\":\"Cremige gr\\u00fcne Paprika - Azienda Agricola Apani\",\"isPartOf\":{\"@id\":\"https:\/\/apani.it\/#website\"},\"primaryImageOfPage\":{\"@id\":\"https:\/\/apani.it\/de\/prodotto\/cremige-grune-paprika\/#primaryimage\"},\"datePublished\":\"2021-02-18T12:38:02+00:00\",\"dateModified\":\"2021-02-18T12:38:02+00:00\",\"breadcrumb\":{\"@id\":\"https:\/\/apani.it\/de\/prodotto\/cremige-grune-paprika\/#breadcrumb\"},\"inLanguage\":\"de\",\"potentialAction\":[{\"@type\":\"ReadAction\",\"target\":[\"https:\/\/apani.it\/de\/prodotto\/cremige-grune-paprika\/\"]}]},{\"@type\":\"BreadcrumbList\",\"@id\":\"https:\/\/apani.it\/de\/prodotto\/cremige-grune-paprika\/#breadcrumb\",\"itemListElement\":[{\"@type\":\"ListItem\",\"position\":1,\"item\":{\"@type\":\"WebPage\",\"@id\":\"https:\/\/apani.it\/de\/\",\"url\":\"https:\/\/apani.it\/de\/\",\"name\":\"Home\"}},{\"@type\":\"ListItem\",\"position\":2,\"item\":{\"@type\":\"WebPage\",\"@id\":\"https:\/\/apani.it\/de\/shop-de\/\",\"url\":\"https:\/\/apani.it\/de\/shop-de\/\",\"name\":\"Shop\"}},{\"@type\":\"ListItem\",\"position\":3,\"item\":{\"@type\":\"WebPage\",\"@id\":\"https:\/\/apani.it\/de\/prodotto\/cremige-grune-paprika\/\",\"url\":\"https:\/\/apani.it\/de\/prodotto\/cremige-grune-paprika\/\",\"name\":\"Cremige gr\\u00fcne Paprika\"}}]}]}<\/script>\n<!-- \/ Yoast SEO plugin. -->","_links":{"self":[{"href":"https:\/\/apani.it\/de\/wp-json\/wp\/v2\/product\/1648"}],"collection":[{"href":"https:\/\/apani.it\/de\/wp-json\/wp\/v2\/product"}],"about":[{"href":"https:\/\/apani.it\/de\/wp-json\/wp\/v2\/types\/product"}],"wp:featuredmedia":[{"embeddable":true,"href":"https:\/\/apani.it\/de\/wp-json\/wp\/v2\/media\/1511"}],"wp:attachment":[{"href":"https:\/\/apani.it\/de\/wp-json\/wp\/v2\/media?parent=1648"}],"curies":[{"name":"wp","href":"https:\/\/api.w.org\/{rel}","templated":true}]}}